{"id":8318,"date":"2024-08-18T10:00:15","date_gmt":"2024-08-18T17:00:15","guid":{"rendered":"https:\/\/staging.lizbecerra4council.com\/?page_id=8318"},"modified":"2024-08-18T10:36:49","modified_gmt":"2024-08-18T17:36:49","slug":"my-plan","status":"publish","type":"page","link":"https:\/\/lizbecerra4council.com\/es\/my-plan\/","title":{"rendered":"Mi plan"},"content":{"rendered":"<div data-elementor-type=\"wp-post\" data-elementor-id=\"8318\" class=\"elementor elementor-8318\" data-elementor-post-type=\"page\">\n\t\t\t\t<div class=\"elementor-element elementor-element-9c7d6d2 e-flex e-con-boxed e-con e-parent\" data-id=\"9c7d6d2\" data-element_type=\"container\" data-settings=\"{&quot;background_background&quot;:&quot;classic&quot;}\">\n\t\t\t\t\t<div class=\"e-con-inner\">\n\t\t<div class=\"elementor-element elementor-element-d44dbf1 e-con-full e-flex e-con e-child\" data-id=\"d44dbf1\" data-element_type=\"container\">\n\t\t\t\t<div class=\"elementor-element elementor-element-f83d176 elementor-widget elementor-widget-heading\" data-id=\"f83d176\" data-element_type=\"widget\" data-widget_type=\"heading.default\">\n\t\t\t\t<div class=\"elementor-widget-container\">\n\t\t\t<h1 class=\"elementor-heading-title elementor-size-default\">Primero la Comunidad<\/h1>\t\t<\/div>\n\t\t\t\t<\/div>\n\t\t\t\t<div class=\"elementor-element elementor-element-f7fd4fb elementor-widget elementor-widget-text-editor\" data-id=\"f7fd4fb\" data-element_type=\"widget\" data-widget_type=\"text-editor.default\">\n\t\t\t\t<div class=\"elementor-widget-container\">\n\t\t\t\t\t\t\t<h1>He tenido el privilegio de ver Victorville evolucionar desde un peque\u00f1o pueblo del desierto a una ciudad vibrante. Mi viaje de residente y trabajador de la ciudad a miembro del consejo de la ciudad y ahora alcalde me ha dado la visi\u00f3n y la experiencia para dirigir Victorville hacia un futuro brillante, siempre poniendo a nuestra comunidad en primer lugar.<\/h1>\t\t\t\t\t\t<\/div>\n\t\t\t\t<\/div>\n\t\t\t\t<div class=\"elementor-element elementor-element-702224f elementor-widget elementor-widget-text-editor\" data-id=\"702224f\" data-element_type=\"widget\" data-widget_type=\"text-editor.default\">\n\t\t\t\t<div class=\"elementor-widget-container\">\n\t\t\t\t\t\t\t<h3>Para mantener la seguridad de nuestra ciudad, he abogado por una nueva comisar\u00eda de polic\u00eda en Civic Drive y Seneca como parte de un proyecto m\u00e1s amplio del Centro C\u00edvico. Necesitamos m\u00e1s agentes para cubrir nuestras crecientes necesidades, y es esencial fomentar la confianza entre la comunidad y la polic\u00eda, especialmente entre nuestros j\u00f3venes. Apoyo la vigilancia comunitaria y un comit\u00e9 de supervisi\u00f3n de la seguridad p\u00fablica para ayudar a reducir la delincuencia y fortalecer los lazos comunitarios.<\/h3><h5>Crear mejores oportunidades de empleo es crucial para el crecimiento de nuestra ciudad. Muchos residentes se desplazan largas distancias para trabajar, y mi objetivo es cambiar esta situaci\u00f3n colaborando con las empresas y apoyando proyectos como el tren de alta velocidad con las ampliaciones de Brightline y Metrolink. Invertir en el desarrollo de la mano de obra y colaborar con las instituciones educativas locales preparar\u00e1 a nuestros residentes para carreras en tecnolog\u00eda, energ\u00edas renovables y fabricaci\u00f3n avanzada.<\/h5><h5>Victorville no es s\u00f3lo mi casa; es parte de lo que soy, y mi dedicaci\u00f3n a esta comunidad es profunda. En el Consejo de la Ciudad, he defendido la Medida P para financiar la seguridad p\u00fablica y las iniciativas de calidad de vida, abordar la falta de vivienda y la delincuencia, y la mejora de los servicios de la ciudad, incluyendo nuestra biblioteca. Me apasiona mejorar los programas comunitarios, desarrollar un complejo deportivo y apoyar las iniciativas juveniles. Mejorar los servicios de la ciudad, ampliar los recursos de la biblioteca y promover los veh\u00edculos el\u00e9ctricos son prioridades clave para un Victorville sostenible y pr\u00f3spero.<\/h5><h4><b>De la Comunidad, para la Comunidad.<\/b><\/h4>\t\t\t\t\t\t<\/div>\n\t\t\t\t<\/div>\n\t\t\t\t<div class=\"elementor-element elementor-element-e25c88c elementor-widget elementor-widget-heading\" data-id=\"e25c88c\" data-element_type=\"widget\" data-widget_type=\"heading.default\">\n\t\t\t\t<div class=\"elementor-widget-container\">\n\t\t\t<h1 class=\"elementor-heading-title elementor-size-default\">He aqu\u00ed m\u00e1s detalles de mi plan<\/h1>\t\t<\/div>\n\t\t\t\t<\/div>\n\t\t\t\t<\/div>\n\t\t\t\t\t<\/div>\n\t\t\t\t<\/div>\n\t\t\t\t<section class=\"elementor-section elementor-top-section elementor-element elementor-element-1e24fc4 elementor-section-boxed elementor-section-height-default elementor-section-height-default\" data-id=\"1e24fc4\" data-element_type=\"section\">\n\t\t\t\t\t\t<div class=\"elementor-container elementor-column-gap-default\">\n\t\t\t\t\t<div class=\"elementor-column elementor-col-100 elementor-top-column elementor-element elementor-element-d05114e\" data-id=\"d05114e\" data-element_type=\"column\">\n\t\t\t<div class=\"elementor-widget-wrap elementor-element-populated\">\n\t\t\t\t\t\t<div class=\"elementor-element elementor-element-cdfc0e0 elementor-grid-3 elementor-grid-tablet-2 elementor-grid-mobile-1 elementor-widget elementor-widget-loop-grid\" data-id=\"cdfc0e0\" data-element_type=\"widget\" data-settings=\"{&quot;template_id&quot;:8078,&quot;columns&quot;:3,&quot;_skin&quot;:&quot;post&quot;,&quot;columns_tablet&quot;:&quot;2&quot;,&quot;columns_mobile&quot;:&quot;1&quot;,&quot;edit_handle_selector&quot;:&quot;[data-elementor-type=\\&quot;loop-item\\&quot;]&quot;,&quot;row_gap&quot;:{&quot;unit&quot;:&quot;px&quot;,&quot;size&quot;:&quot;&quot;,&quot;sizes&quot;:[]},&quot;row_gap_tablet&quot;:{&quot;unit&quot;:&quot;px&quot;,&quot;size&quot;:&quot;&quot;,&quot;sizes&quot;:[]},&quot;row_gap_mobile&quot;:{&quot;unit&quot;:&quot;px&quot;,&quot;size&quot;:&quot;&quot;,&quot;sizes&quot;:[]}}\" data-widget_type=\"loop-grid.post\">\n\t\t\t\t<div class=\"elementor-widget-container\">\n\t\t\t\t\t<div class=\"elementor-loop-container elementor-grid\">\n\t\t<style id=\"loop-dynamic-8078\">.e-loop-item-7313 .elementor-element.elementor-element-88e1e51:not(.elementor-motion-effects-element-type-background), .e-loop-item-7313 .elementor-element.elementor-element-88e1e51 > .elementor-motion-effects-container > .elementor-motion-effects-layer{background-image:url(\"https:\/\/lizbecerra4council.com\/wp-content\/uploads\/2024\/08\/background-orange.webp\");}<\/style><style id=\"loop-8078\">.elementor-8078 .elementor-element.elementor-element-88e1e51{--display:flex;--flex-direction:row;--container-widget-width:calc( ( 1 - var( --container-widget-flex-grow ) ) * 100% );--container-widget-height:100%;--container-widget-flex-grow:1;--container-widget-align-self:stretch;--flex-wrap-mobile:wrap;--align-items:center;--background-transition:0.3s;--border-radius:20px 20px 20px 20px;box-shadow:0px 0px 10px 0px rgba(0,0,0,0.5);--padding-top:60px;--padding-bottom:60px;--padding-left:40px;--padding-right:40px;}.elementor-8078 .elementor-element.elementor-element-88e1e51:not(.elementor-motion-effects-element-type-background), .elementor-8078 .elementor-element.elementor-element-88e1e51 > .elementor-motion-effects-container > .elementor-motion-effects-layer{background-size:cover;}.elementor-8078 .elementor-element.elementor-element-88e1e51, .elementor-8078 .elementor-element.elementor-element-88e1e51::before{--border-transition:0.3s;}.elementor-8078 .elementor-element.elementor-element-2c4e9ae{text-align:center;}.elementor-8078 .elementor-element.elementor-element-2c4e9ae .elementor-heading-title{color:var( --e-global-color-e855fac );font-family:\"Neue Plak\", Sans-serif;font-weight:bold;letter-spacing:-2.2px;text-shadow:0px 0px 10px rgba(0, 0, 0, 0.15);}<\/style>\t\t<div data-elementor-type=\"loop-item\" data-elementor-id=\"8078\" class=\"elementor elementor-8078 e-loop-item e-loop-item-7313 post-7313 page type-page status-publish has-post-thumbnail hentry category-talking-points\" data-elementor-post-type=\"elementor_library\" data-custom-edit-handle=\"1\">\n\t\t\t<div class=\"elementor-element elementor-element-88e1e51 e-flex e-con-boxed e-con e-parent\" data-id=\"88e1e51\" data-element_type=\"container\" data-settings=\"{&quot;background_background&quot;:&quot;classic&quot;}\">\n\t\t\t\t\t<div class=\"e-con-inner\">\n\t\t\t\t<div class=\"elementor-element elementor-element-2c4e9ae elementor-invisible elementor-widget elementor-widget-theme-post-title elementor-page-title elementor-widget-heading\" data-id=\"2c4e9ae\" data-element_type=\"widget\" data-settings=\"{&quot;_animation&quot;:&quot;bounce&quot;,&quot;_animation_delay&quot;:200}\" data-widget_type=\"theme-post-title.default\">\n\t\t\t\t<div class=\"elementor-widget-container\">\n\t\t\t<h1 class=\"elementor-heading-title elementor-size-default\"><a href=\"https:\/\/lizbecerra4council.com\/es\/ensuring-public-safety-building-a-secure-future\/\">Garantizar la seguridad p\u00fablica: Construir un futuro seguro<\/a><\/h1>\t\t<\/div>\n\t\t\t\t<\/div>\n\t\t\t\t\t<\/div>\n\t\t\t\t<\/div>\n\t\t\t\t<\/div>\n\t\t<style id=\"loop-dynamic-8078\">.e-loop-item-7315 .elementor-element.elementor-element-88e1e51:not(.elementor-motion-effects-element-type-background), .e-loop-item-7315 .elementor-element.elementor-element-88e1e51 > .elementor-motion-effects-container > .elementor-motion-effects-layer{background-image:url(\"https:\/\/lizbecerra4council.com\/wp-content\/uploads\/2024\/08\/background-green.webp\");}<\/style>\t\t<div data-elementor-type=\"loop-item\" data-elementor-id=\"8078\" class=\"elementor elementor-8078 e-loop-item e-loop-item-7315 post-7315 page type-page status-publish has-post-thumbnail hentry category-talking-points\" data-elementor-post-type=\"elementor_library\" data-custom-edit-handle=\"1\">\n\t\t\t<div class=\"elementor-element elementor-element-88e1e51 e-flex e-con-boxed e-con e-parent\" data-id=\"88e1e51\" data-element_type=\"container\" data-settings=\"{&quot;background_background&quot;:&quot;classic&quot;}\">\n\t\t\t\t\t<div class=\"e-con-inner\">\n\t\t\t\t<div class=\"elementor-element elementor-element-2c4e9ae elementor-invisible elementor-widget elementor-widget-theme-post-title elementor-page-title elementor-widget-heading\" data-id=\"2c4e9ae\" data-element_type=\"widget\" data-settings=\"{&quot;_animation&quot;:&quot;bounce&quot;,&quot;_animation_delay&quot;:200}\" data-widget_type=\"theme-post-title.default\">\n\t\t\t\t<div class=\"elementor-widget-container\">\n\t\t\t<h1 class=\"elementor-heading-title elementor-size-default\"><a href=\"https:\/\/lizbecerra4council.com\/es\/creating-opportunities-bringing-better-jobs-to-victorville\/\">Crear oportunidades: Mejores empleos en Victorville<\/a><\/h1>\t\t<\/div>\n\t\t\t\t<\/div>\n\t\t\t\t\t<\/div>\n\t\t\t\t<\/div>\n\t\t\t\t<\/div>\n\t\t<style id=\"loop-dynamic-8078\">.e-loop-item-7309 .elementor-element.elementor-element-88e1e51:not(.elementor-motion-effects-element-type-background), .e-loop-item-7309 .elementor-element.elementor-element-88e1e51 > .elementor-motion-effects-container > .elementor-motion-effects-layer{background-image:url(\"https:\/\/lizbecerra4council.com\/wp-content\/uploads\/2024\/08\/background.webp\");}<\/style>\t\t<div data-elementor-type=\"loop-item\" data-elementor-id=\"8078\" class=\"elementor elementor-8078 e-loop-item e-loop-item-7309 post-7309 page type-page status-publish has-post-thumbnail hentry category-talking-points\" data-elementor-post-type=\"elementor_library\" data-custom-edit-handle=\"1\">\n\t\t\t<div class=\"elementor-element elementor-element-88e1e51 e-flex e-con-boxed e-con e-parent\" data-id=\"88e1e51\" data-element_type=\"container\" data-settings=\"{&quot;background_background&quot;:&quot;classic&quot;}\">\n\t\t\t\t\t<div class=\"e-con-inner\">\n\t\t\t\t<div class=\"elementor-element elementor-element-2c4e9ae elementor-invisible elementor-widget elementor-widget-theme-post-title elementor-page-title elementor-widget-heading\" data-id=\"2c4e9ae\" data-element_type=\"widget\" data-settings=\"{&quot;_animation&quot;:&quot;bounce&quot;,&quot;_animation_delay&quot;:200}\" data-widget_type=\"theme-post-title.default\">\n\t\t\t\t<div class=\"elementor-widget-container\">\n\t\t\t<h1 class=\"elementor-heading-title elementor-size-default\"><a href=\"https:\/\/lizbecerra4council.com\/es\/community-commitment-serving-with-dedication\/\">Compromiso con la Comunidad: Servir con dedicaci\u00f3n<\/a><\/h1>\t\t<\/div>\n\t\t\t\t<\/div>\n\t\t\t\t\t<\/div>\n\t\t\t\t<\/div>\n\t\t\t\t<\/div>\n\t\t<style id=\"loop-dynamic-8078\">.e-loop-item-7311 .elementor-element.elementor-element-88e1e51:not(.elementor-motion-effects-element-type-background), .e-loop-item-7311 .elementor-element.elementor-element-88e1e51 > .elementor-motion-effects-container > .elementor-motion-effects-layer{background-image:url(\"https:\/\/lizbecerra4council.com\/wp-content\/uploads\/2024\/03\/background-pink.webp\");}<\/style>\t\t<div data-elementor-type=\"loop-item\" data-elementor-id=\"8078\" class=\"elementor elementor-8078 e-loop-item e-loop-item-7311 post-7311 page type-page status-publish has-post-thumbnail hentry category-talking-points\" data-elementor-post-type=\"elementor_library\" data-custom-edit-handle=\"1\">\n\t\t\t<div class=\"elementor-element elementor-element-88e1e51 e-flex e-con-boxed e-con e-parent\" data-id=\"88e1e51\" data-element_type=\"container\" data-settings=\"{&quot;background_background&quot;:&quot;classic&quot;}\">\n\t\t\t\t\t<div class=\"e-con-inner\">\n\t\t\t\t<div class=\"elementor-element elementor-element-2c4e9ae elementor-invisible elementor-widget elementor-widget-theme-post-title elementor-page-title elementor-widget-heading\" data-id=\"2c4e9ae\" data-element_type=\"widget\" data-settings=\"{&quot;_animation&quot;:&quot;bounce&quot;,&quot;_animation_delay&quot;:200}\" data-widget_type=\"theme-post-title.default\">\n\t\t\t\t<div class=\"elementor-widget-container\">\n\t\t\t<h1 class=\"elementor-heading-title elementor-size-default\"><a href=\"https:\/\/lizbecerra4council.com\/es\/enhancing-city-programs-and-events\/\">Potenciar los programas y eventos de la ciudad<\/a><\/h1>\t\t<\/div>\n\t\t\t\t<\/div>\n\t\t\t\t\t<\/div>\n\t\t\t\t<\/div>\n\t\t\t\t<\/div>\n\t\t<style id=\"loop-dynamic-8078\">.e-loop-item-8126 .elementor-element.elementor-element-88e1e51:not(.elementor-motion-effects-element-type-background), .e-loop-item-8126 .elementor-element.elementor-element-88e1e51 > .elementor-motion-effects-container > .elementor-motion-effects-layer{background-image:url(\"https:\/\/lizbecerra4council.com\/wp-content\/uploads\/2024\/08\/background-yellow.webp\");}<\/style>\t\t<div data-elementor-type=\"loop-item\" data-elementor-id=\"8078\" class=\"elementor elementor-8078 e-loop-item e-loop-item-8126 post-8126 page type-page status-publish has-post-thumbnail hentry category-talking-points\" data-elementor-post-type=\"elementor_library\" data-custom-edit-handle=\"1\">\n\t\t\t<div class=\"elementor-element elementor-element-88e1e51 e-flex e-con-boxed e-con e-parent\" data-id=\"88e1e51\" data-element_type=\"container\" data-settings=\"{&quot;background_background&quot;:&quot;classic&quot;}\">\n\t\t\t\t\t<div class=\"e-con-inner\">\n\t\t\t\t<div class=\"elementor-element elementor-element-2c4e9ae elementor-invisible elementor-widget elementor-widget-theme-post-title elementor-page-title elementor-widget-heading\" data-id=\"2c4e9ae\" data-element_type=\"widget\" data-settings=\"{&quot;_animation&quot;:&quot;bounce&quot;,&quot;_animation_delay&quot;:200}\" data-widget_type=\"theme-post-title.default\">\n\t\t\t\t<div class=\"elementor-widget-container\">\n\t\t\t<h1 class=\"elementor-heading-title elementor-size-default\"><a href=\"https:\/\/lizbecerra4council.com\/es\/improving-city-services-for-all\/\">Mejorar los servicios municipales para todos<\/a><\/h1>\t\t<\/div>\n\t\t\t\t<\/div>\n\t\t\t\t\t<\/div>\n\t\t\t\t<\/div>\n\t\t\t\t<\/div>\n\t\t\t\t<\/div>\n\t\t\n\t\t\t\t<\/div>\n\t\t\t\t<\/div>\n\t\t\t\t\t<\/div>\n\t\t<\/div>\n\t\t\t\t\t<\/div>\n\t\t<\/section>\n\t\t\t\t<\/div>","protected":false},"excerpt":{"rendered":"<p>Como Victorville sigue creciendo, nuestro departamento de polic\u00eda debe crecer con \u00e9l. He sido un firme defensor de los planes para crear una nueva estaci\u00f3n de polic\u00eda, asegurando que nuestra ciudad est\u00e1 bien equipada para manejar sus necesidades de expansi\u00f3n.<\/p>","protected":false},"author":1,"featured_media":8343,"parent":0,"menu_order":0,"comment_status":"closed","ping_status":"closed","template":"","meta":{"footnotes":""},"categories":[1],"tags":[],"class_list":["post-8318","page","type-page","status-publish","has-post-thumbnail","hentry","category-uncategorized"],"yoast_head":"<!-- This site is optimized with the Yoast SEO plugin v23.7 - https:\/\/yoast.com\/wordpress\/plugins\/seo\/ -->\n<title>My Plan - Elizabeth &quot;Liz&quot; Becerra<\/title>\n<meta name=\"robots\" content=\"index, follow, max-snippet:-1, max-image-preview:large, max-video-preview:-1\" \/>\n<link rel=\"canonical\" href=\"https:\/\/lizbecerra4council.com\/es\/my-plan\/\" \/>\n<meta property=\"og:locale\" content=\"es_MX\" \/>\n<meta property=\"og:type\" content=\"article\" \/>\n<meta property=\"og:title\" content=\"My Plan - Elizabeth &quot;Liz&quot; Becerra\" \/>\n<meta property=\"og:description\" content=\"As Victorville continues to grow, our police department must grow with it. I have been a strong advocate for the plans to create a new police station, ensuring our city is well-equipped to handle its expanding needs.\" \/>\n<meta property=\"og:url\" content=\"https:\/\/lizbecerra4council.com\/es\/my-plan\/\" \/>\n<meta property=\"og:site_name\" content=\"Elizabeth &quot;Liz&quot; Becerra\" \/>\n<meta property=\"article:modified_time\" content=\"2024-08-18T17:36:49+00:00\" \/>\n<meta property=\"og:image\" content=\"https:\/\/lizbecerra4council.com\/wp-content\/uploads\/2024\/08\/Profile.png\" \/>\n\t<meta property=\"og:image:width\" content=\"400\" \/>\n\t<meta property=\"og:image:height\" content=\"400\" \/>\n\t<meta property=\"og:image:type\" content=\"image\/png\" \/>\n<meta name=\"twitter:card\" content=\"summary_large_image\" \/>\n<meta name=\"twitter:label1\" content=\"Tiempo de lectura\" \/>\n\t<meta name=\"twitter:data1\" content=\"2 minutos\" \/>\n<script type=\"application\/ld+json\" class=\"yoast-schema-graph\">{\"@context\":\"https:\/\/schema.org\",\"@graph\":[{\"@type\":\"WebPage\",\"@id\":\"https:\/\/lizbecerra4council.com\/my-plan\/\",\"url\":\"https:\/\/lizbecerra4council.com\/my-plan\/\",\"name\":\"My Plan - Elizabeth &quot;Liz&quot; Becerra\",\"isPartOf\":{\"@id\":\"https:\/\/lizbecerra4council.com\/#website\"},\"primaryImageOfPage\":{\"@id\":\"https:\/\/lizbecerra4council.com\/my-plan\/#primaryimage\"},\"image\":{\"@id\":\"https:\/\/lizbecerra4council.com\/my-plan\/#primaryimage\"},\"thumbnailUrl\":\"https:\/\/lizbecerra4council.com\/wp-content\/uploads\/2024\/08\/Profile.png\",\"datePublished\":\"2024-08-18T17:00:15+00:00\",\"dateModified\":\"2024-08-18T17:36:49+00:00\",\"breadcrumb\":{\"@id\":\"https:\/\/lizbecerra4council.com\/my-plan\/#breadcrumb\"},\"inLanguage\":\"es\",\"potentialAction\":[{\"@type\":\"ReadAction\",\"target\":[\"https:\/\/lizbecerra4council.com\/my-plan\/\"]}]},{\"@type\":\"ImageObject\",\"inLanguage\":\"es\",\"@id\":\"https:\/\/lizbecerra4council.com\/my-plan\/#primaryimage\",\"url\":\"https:\/\/lizbecerra4council.com\/wp-content\/uploads\/2024\/08\/Profile.png\",\"contentUrl\":\"https:\/\/lizbecerra4council.com\/wp-content\/uploads\/2024\/08\/Profile.png\",\"width\":400,\"height\":400},{\"@type\":\"BreadcrumbList\",\"@id\":\"https:\/\/lizbecerra4council.com\/my-plan\/#breadcrumb\",\"itemListElement\":[{\"@type\":\"ListItem\",\"position\":1,\"name\":\"Home\",\"item\":\"https:\/\/lizbecerra4council.com\/\"},{\"@type\":\"ListItem\",\"position\":2,\"name\":\"My Plan\"}]},{\"@type\":\"WebSite\",\"@id\":\"https:\/\/lizbecerra4council.com\/#website\",\"url\":\"https:\/\/lizbecerra4council.com\/\",\"name\":\"Elizabeth &quot;Liz&quot; Becerra\",\"description\":\"District 3 | Victorville City Council\",\"publisher\":{\"@id\":\"https:\/\/lizbecerra4council.com\/#organization\"},\"potentialAction\":[{\"@type\":\"SearchAction\",\"target\":{\"@type\":\"EntryPoint\",\"urlTemplate\":\"https:\/\/lizbecerra4council.com\/?s={search_term_string}\"},\"query-input\":{\"@type\":\"PropertyValueSpecification\",\"valueRequired\":true,\"valueName\":\"search_term_string\"}}],\"inLanguage\":\"es\"},{\"@type\":\"Organization\",\"@id\":\"https:\/\/lizbecerra4council.com\/#organization\",\"name\":\"Elizabeth &quot;Liz&quot; Becerra\",\"url\":\"https:\/\/lizbecerra4council.com\/\",\"logo\":{\"@type\":\"ImageObject\",\"inLanguage\":\"es\",\"@id\":\"https:\/\/lizbecerra4council.com\/#\/schema\/logo\/image\/\",\"url\":\"https:\/\/lizbecerra4council.com\/wp-content\/uploads\/2024\/03\/Hor-Full.webp\",\"contentUrl\":\"https:\/\/lizbecerra4council.com\/wp-content\/uploads\/2024\/03\/Hor-Full.webp\",\"width\":1000,\"height\":500,\"caption\":\"Elizabeth &quot;Liz&quot; Becerra\"},\"image\":{\"@id\":\"https:\/\/lizbecerra4council.com\/#\/schema\/logo\/image\/\"}}]}<\/script>\n<!-- \/ Yoast SEO plugin. -->","yoast_head_json":{"title":"My Plan - Elizabeth &quot;Liz&quot; Becerra","robots":{"index":"index","follow":"follow","max-snippet":"max-snippet:-1","max-image-preview":"max-image-preview:large","max-video-preview":"max-video-preview:-1"},"canonical":"https:\/\/lizbecerra4council.com\/es\/my-plan\/","og_locale":"es_MX","og_type":"article","og_title":"My Plan - Elizabeth &quot;Liz&quot; Becerra","og_description":"As Victorville continues to grow, our police department must grow with it. I have been a strong advocate for the plans to create a new police station, ensuring our city is well-equipped to handle its expanding needs.","og_url":"https:\/\/lizbecerra4council.com\/es\/my-plan\/","og_site_name":"Elizabeth &quot;Liz&quot; Becerra","article_modified_time":"2024-08-18T17:36:49+00:00","og_image":[{"width":400,"height":400,"url":"https:\/\/lizbecerra4council.com\/wp-content\/uploads\/2024\/08\/Profile.png","type":"image\/png"}],"twitter_card":"summary_large_image","twitter_misc":{"Tiempo de lectura":"2 minutos"},"schema":{"@context":"https:\/\/schema.org","@graph":[{"@type":"WebPage","@id":"https:\/\/lizbecerra4council.com\/my-plan\/","url":"https:\/\/lizbecerra4council.com\/my-plan\/","name":"My Plan - Elizabeth &quot;Liz&quot; Becerra","isPartOf":{"@id":"https:\/\/lizbecerra4council.com\/#website"},"primaryImageOfPage":{"@id":"https:\/\/lizbecerra4council.com\/my-plan\/#primaryimage"},"image":{"@id":"https:\/\/lizbecerra4council.com\/my-plan\/#primaryimage"},"thumbnailUrl":"https:\/\/lizbecerra4council.com\/wp-content\/uploads\/2024\/08\/Profile.png","datePublished":"2024-08-18T17:00:15+00:00","dateModified":"2024-08-18T17:36:49+00:00","breadcrumb":{"@id":"https:\/\/lizbecerra4council.com\/my-plan\/#breadcrumb"},"inLanguage":"es","potentialAction":[{"@type":"ReadAction","target":["https:\/\/lizbecerra4council.com\/my-plan\/"]}]},{"@type":"ImageObject","inLanguage":"es","@id":"https:\/\/lizbecerra4council.com\/my-plan\/#primaryimage","url":"https:\/\/lizbecerra4council.com\/wp-content\/uploads\/2024\/08\/Profile.png","contentUrl":"https:\/\/lizbecerra4council.com\/wp-content\/uploads\/2024\/08\/Profile.png","width":400,"height":400},{"@type":"BreadcrumbList","@id":"https:\/\/lizbecerra4council.com\/my-plan\/#breadcrumb","itemListElement":[{"@type":"ListItem","position":1,"name":"Home","item":"https:\/\/lizbecerra4council.com\/"},{"@type":"ListItem","position":2,"name":"My Plan"}]},{"@type":"WebSite","@id":"https:\/\/lizbecerra4council.com\/#website","url":"https:\/\/lizbecerra4council.com\/","name":"Elizabeth &quot;Liz&quot; Becerra","description":"District 3 | Victorville City Council","publisher":{"@id":"https:\/\/lizbecerra4council.com\/#organization"},"potentialAction":[{"@type":"SearchAction","target":{"@type":"EntryPoint","urlTemplate":"https:\/\/lizbecerra4council.com\/?s={search_term_string}"},"query-input":{"@type":"PropertyValueSpecification","valueRequired":true,"valueName":"search_term_string"}}],"inLanguage":"es"},{"@type":"Organization","@id":"https:\/\/lizbecerra4council.com\/#organization","name":"Elizabeth &quot;Liz&quot; Becerra","url":"https:\/\/lizbecerra4council.com\/","logo":{"@type":"ImageObject","inLanguage":"es","@id":"https:\/\/lizbecerra4council.com\/#\/schema\/logo\/image\/","url":"https:\/\/lizbecerra4council.com\/wp-content\/uploads\/2024\/03\/Hor-Full.webp","contentUrl":"https:\/\/lizbecerra4council.com\/wp-content\/uploads\/2024\/03\/Hor-Full.webp","width":1000,"height":500,"caption":"Elizabeth &quot;Liz&quot; Becerra"},"image":{"@id":"https:\/\/lizbecerra4council.com\/#\/schema\/logo\/image\/"}}]}},"_links":{"self":[{"href":"https:\/\/lizbecerra4council.com\/es\/wp-json\/wp\/v2\/pages\/8318","targetHints":{"allow":["GET"]}}],"collection":[{"href":"https:\/\/lizbecerra4council.com\/es\/wp-json\/wp\/v2\/pages"}],"about":[{"href":"https:\/\/lizbecerra4council.com\/es\/wp-json\/wp\/v2\/types\/page"}],"author":[{"embeddable":true,"href":"https:\/\/lizbecerra4council.com\/es\/wp-json\/wp\/v2\/users\/1"}],"replies":[{"embeddable":true,"href":"https:\/\/lizbecerra4council.com\/es\/wp-json\/wp\/v2\/comments?post=8318"}],"version-history":[{"count":5,"href":"https:\/\/lizbecerra4council.com\/es\/wp-json\/wp\/v2\/pages\/8318\/revisions"}],"predecessor-version":[{"id":8324,"href":"https:\/\/lizbecerra4council.com\/es\/wp-json\/wp\/v2\/pages\/8318\/revisions\/8324"}],"wp:featuredmedia":[{"embeddable":true,"href":"https:\/\/lizbecerra4council.com\/es\/wp-json\/wp\/v2\/media\/8343"}],"wp:attachment":[{"href":"https:\/\/lizbecerra4council.com\/es\/wp-json\/wp\/v2\/media?parent=8318"}],"wp:term":[{"taxonomy":"category","embeddable":true,"href":"https:\/\/lizbecerra4council.com\/es\/wp-json\/wp\/v2\/categories?post=8318"},{"taxonomy":"post_tag","embeddable":true,"href":"https:\/\/lizbecerra4council.com\/es\/wp-json\/wp\/v2\/tags?post=8318"}],"curies":[{"name":"wp","href":"https:\/\/api.w.org\/{rel}","templated":true}]}}