{"id":8126,"date":"2024-08-15T13:03:19","date_gmt":"2024-08-15T20:03:19","guid":{"rendered":"https:\/\/staging.lizbecerra4council.com\/?page_id=8126"},"modified":"2024-08-18T09:17:58","modified_gmt":"2024-08-18T16:17:58","slug":"improving-city-services-for-all","status":"publish","type":"page","link":"https:\/\/lizbecerra4council.com\/es\/improving-city-services-for-all\/","title":{"rendered":"Mejorar los servicios municipales para todos"},"content":{"rendered":"<div data-elementor-type=\"wp-post\" data-elementor-id=\"8126\" class=\"elementor elementor-8126\" data-elementor-post-type=\"page\">\n\t\t\t\t<div class=\"elementor-element elementor-element-c2751ff e-flex e-con-boxed e-con e-parent\" data-id=\"c2751ff\" data-element_type=\"container\" data-settings=\"{&quot;background_background&quot;:&quot;classic&quot;}\">\n\t\t\t\t\t<div class=\"e-con-inner\">\n\t\t<div class=\"elementor-element elementor-element-7fecf87 e-con-full e-flex e-con e-child\" data-id=\"7fecf87\" data-element_type=\"container\">\n\t\t\t\t<div class=\"elementor-element elementor-element-d55376d elementor-widget elementor-widget-heading\" data-id=\"d55376d\" data-element_type=\"widget\" data-widget_type=\"heading.default\">\n\t\t\t\t<div class=\"elementor-widget-container\">\n\t\t\t<h1 class=\"elementor-heading-title elementor-size-default\">Mejorar los servicios municipales para todos.<\/h1>\t\t<\/div>\n\t\t\t\t<\/div>\n\t\t\t\t<div class=\"elementor-element elementor-element-d86c4ce elementor-widget elementor-widget-text-editor\" data-id=\"d86c4ce\" data-element_type=\"widget\" data-widget_type=\"text-editor.default\">\n\t\t\t\t<div class=\"elementor-widget-container\">\n\t\t\t\t\t\t\t<h1>Mejorar los servicios de nuestra ciudad es una de mis principales prioridades. Me comprometo a ampliar los servicios bibliotecarios para garantizar que todos los residentes tengan acceso a los recursos que necesitan. Nuestras bibliotecas son algo m\u00e1s que lugares donde encontrar libros: son centros de aprendizaje, interacci\u00f3n comunitaria y desarrollo personal.\u00a0<\/h1>\t\t\t\t\t\t<\/div>\n\t\t\t\t<\/div>\n\t\t\t\t<div class=\"elementor-element elementor-element-6fddcac elementor-widget elementor-widget-text-editor\" data-id=\"6fddcac\" data-element_type=\"widget\" data-widget_type=\"text-editor.default\">\n\t\t\t\t<div class=\"elementor-widget-container\">\n\t\t\t\t\t\t\t<h3>Introduciendo m\u00e1s programas, mejorando los recursos digitales y actualizando las instalaciones, podemos hacer que nuestras bibliotecas sean a\u00fan m\u00e1s impactantes para los residentes de todas las edades.<\/h3><h5>Establecer el uso de veh\u00edculos el\u00e9ctricos dentro de la flota de la ciudad es otra iniciativa crucial. Con la transici\u00f3n a los veh\u00edculos el\u00e9ctricos podemos reducir considerablemente nuestras emisiones de carbono, contribuyendo a un medio ambiente m\u00e1s limpio y sano para todos. A largo plazo, este cambio tambi\u00e9n supondr\u00e1 un ahorro de costes, ya que el funcionamiento y el mantenimiento de los veh\u00edculos el\u00e9ctricos son m\u00e1s econ\u00f3micos que los de los veh\u00edculos tradicionales.<\/h5><h5>Adem\u00e1s, mi objetivo es introducir m\u00e1s estaciones de carga en toda la ciudad para animar a los residentes a cambiar a los veh\u00edculos el\u00e9ctricos. Esto no s\u00f3lo har\u00e1 que nuestra ciudad sea m\u00e1s respetuosa con el medio ambiente, sino que tambi\u00e9n posicionar\u00e1 a Victorville como una comunidad con visi\u00f3n de futuro que da prioridad a la sostenibilidad.<\/h5>\t\t\t\t\t\t<\/div>\n\t\t\t\t<\/div>\n\t\t\t\t<div class=\"elementor-element elementor-element-3bf1bd1 elementor-widget elementor-widget-heading\" data-id=\"3bf1bd1\" data-element_type=\"widget\" data-widget_type=\"heading.default\">\n\t\t\t\t<div class=\"elementor-widget-container\">\n\t\t\t<h1 class=\"elementor-heading-title elementor-size-default\">He aqu\u00ed m\u00e1s detalles de mi plan<\/h1>\t\t<\/div>\n\t\t\t\t<\/div>\n\t\t\t\t<\/div>\n\t\t\t\t\t<\/div>\n\t\t\t\t<\/div>\n\t\t\t\t<section class=\"elementor-section elementor-top-section elementor-element elementor-element-a334f85 elementor-section-boxed elementor-section-height-default elementor-section-height-default\" data-id=\"a334f85\" data-element_type=\"section\">\n\t\t\t\t\t\t<div class=\"elementor-container elementor-column-gap-default\">\n\t\t\t\t\t<div class=\"elementor-column elementor-col-100 elementor-top-column elementor-element elementor-element-87f2fe8\" data-id=\"87f2fe8\" data-element_type=\"column\">\n\t\t\t<div class=\"elementor-widget-wrap elementor-element-populated\">\n\t\t\t\t\t\t<div class=\"elementor-element elementor-element-9442e16 elementor-grid-3 elementor-grid-tablet-2 elementor-grid-mobile-1 elementor-widget elementor-widget-loop-grid\" data-id=\"9442e16\" data-element_type=\"widget\" data-settings=\"{&quot;template_id&quot;:8078,&quot;columns&quot;:3,&quot;_skin&quot;:&quot;post&quot;,&quot;columns_tablet&quot;:&quot;2&quot;,&quot;columns_mobile&quot;:&quot;1&quot;,&quot;edit_handle_selector&quot;:&quot;[data-elementor-type=\\&quot;loop-item\\&quot;]&quot;,&quot;row_gap&quot;:{&quot;unit&quot;:&quot;px&quot;,&quot;size&quot;:&quot;&quot;,&quot;sizes&quot;:[]},&quot;row_gap_tablet&quot;:{&quot;unit&quot;:&quot;px&quot;,&quot;size&quot;:&quot;&quot;,&quot;sizes&quot;:[]},&quot;row_gap_mobile&quot;:{&quot;unit&quot;:&quot;px&quot;,&quot;size&quot;:&quot;&quot;,&quot;sizes&quot;:[]}}\" data-widget_type=\"loop-grid.post\">\n\t\t\t\t<div class=\"elementor-widget-container\">\n\t\t\t\t\t<div class=\"elementor-loop-container elementor-grid\">\n\t\t<style id=\"loop-dynamic-8078\">.e-loop-item-7313 .elementor-element.elementor-element-88e1e51:not(.elementor-motion-effects-element-type-background), .e-loop-item-7313 .elementor-element.elementor-element-88e1e51 > .elementor-motion-effects-container > .elementor-motion-effects-layer{background-image:url(\"https:\/\/lizbecerra4council.com\/wp-content\/uploads\/2024\/08\/background-orange.webp\");}<\/style><style id=\"loop-8078\">.elementor-8078 .elementor-element.elementor-element-88e1e51{--display:flex;--flex-direction:row;--container-widget-width:calc( ( 1 - var( --container-widget-flex-grow ) ) * 100% );--container-widget-height:100%;--container-widget-flex-grow:1;--container-widget-align-self:stretch;--flex-wrap-mobile:wrap;--align-items:center;--background-transition:0.3s;--border-radius:20px 20px 20px 20px;box-shadow:0px 0px 10px 0px rgba(0,0,0,0.5);--padding-top:60px;--padding-bottom:60px;--padding-left:40px;--padding-right:40px;}.elementor-8078 .elementor-element.elementor-element-88e1e51:not(.elementor-motion-effects-element-type-background), .elementor-8078 .elementor-element.elementor-element-88e1e51 > .elementor-motion-effects-container > .elementor-motion-effects-layer{background-size:cover;}.elementor-8078 .elementor-element.elementor-element-88e1e51, .elementor-8078 .elementor-element.elementor-element-88e1e51::before{--border-transition:0.3s;}.elementor-8078 .elementor-element.elementor-element-2c4e9ae{text-align:center;}.elementor-8078 .elementor-element.elementor-element-2c4e9ae .elementor-heading-title{color:var( --e-global-color-e855fac );font-family:\"Neue Plak\", Sans-serif;font-weight:bold;letter-spacing:-2.2px;text-shadow:0px 0px 10px rgba(0, 0, 0, 0.15);}<\/style>\t\t<div data-elementor-type=\"loop-item\" data-elementor-id=\"8078\" class=\"elementor elementor-8078 e-loop-item e-loop-item-7313 post-7313 page type-page status-publish has-post-thumbnail hentry category-talking-points\" data-elementor-post-type=\"elementor_library\" data-custom-edit-handle=\"1\">\n\t\t\t<div class=\"elementor-element elementor-element-88e1e51 e-flex e-con-boxed e-con e-parent\" data-id=\"88e1e51\" data-element_type=\"container\" data-settings=\"{&quot;background_background&quot;:&quot;classic&quot;}\">\n\t\t\t\t\t<div class=\"e-con-inner\">\n\t\t\t\t<div class=\"elementor-element elementor-element-2c4e9ae elementor-invisible elementor-widget elementor-widget-theme-post-title elementor-page-title elementor-widget-heading\" data-id=\"2c4e9ae\" data-element_type=\"widget\" data-settings=\"{&quot;_animation&quot;:&quot;bounce&quot;,&quot;_animation_delay&quot;:200}\" data-widget_type=\"theme-post-title.default\">\n\t\t\t\t<div class=\"elementor-widget-container\">\n\t\t\t<h1 class=\"elementor-heading-title elementor-size-default\"><a href=\"https:\/\/lizbecerra4council.com\/es\/ensuring-public-safety-building-a-secure-future\/\">Garantizar la seguridad p\u00fablica: Construir un futuro seguro<\/a><\/h1>\t\t<\/div>\n\t\t\t\t<\/div>\n\t\t\t\t\t<\/div>\n\t\t\t\t<\/div>\n\t\t\t\t<\/div>\n\t\t<style id=\"loop-dynamic-8078\">.e-loop-item-7315 .elementor-element.elementor-element-88e1e51:not(.elementor-motion-effects-element-type-background), .e-loop-item-7315 .elementor-element.elementor-element-88e1e51 > .elementor-motion-effects-container > .elementor-motion-effects-layer{background-image:url(\"https:\/\/lizbecerra4council.com\/wp-content\/uploads\/2024\/08\/background-green.webp\");}<\/style>\t\t<div data-elementor-type=\"loop-item\" data-elementor-id=\"8078\" class=\"elementor elementor-8078 e-loop-item e-loop-item-7315 post-7315 page type-page status-publish has-post-thumbnail hentry category-talking-points\" data-elementor-post-type=\"elementor_library\" data-custom-edit-handle=\"1\">\n\t\t\t<div class=\"elementor-element elementor-element-88e1e51 e-flex e-con-boxed e-con e-parent\" data-id=\"88e1e51\" data-element_type=\"container\" data-settings=\"{&quot;background_background&quot;:&quot;classic&quot;}\">\n\t\t\t\t\t<div class=\"e-con-inner\">\n\t\t\t\t<div class=\"elementor-element elementor-element-2c4e9ae elementor-invisible elementor-widget elementor-widget-theme-post-title elementor-page-title elementor-widget-heading\" data-id=\"2c4e9ae\" data-element_type=\"widget\" data-settings=\"{&quot;_animation&quot;:&quot;bounce&quot;,&quot;_animation_delay&quot;:200}\" data-widget_type=\"theme-post-title.default\">\n\t\t\t\t<div class=\"elementor-widget-container\">\n\t\t\t<h1 class=\"elementor-heading-title elementor-size-default\"><a href=\"https:\/\/lizbecerra4council.com\/es\/creating-opportunities-bringing-better-jobs-to-victorville\/\">Crear oportunidades: Mejores empleos en Victorville<\/a><\/h1>\t\t<\/div>\n\t\t\t\t<\/div>\n\t\t\t\t\t<\/div>\n\t\t\t\t<\/div>\n\t\t\t\t<\/div>\n\t\t<style id=\"loop-dynamic-8078\">.e-loop-item-7309 .elementor-element.elementor-element-88e1e51:not(.elementor-motion-effects-element-type-background), .e-loop-item-7309 .elementor-element.elementor-element-88e1e51 > .elementor-motion-effects-container > .elementor-motion-effects-layer{background-image:url(\"https:\/\/lizbecerra4council.com\/wp-content\/uploads\/2024\/08\/background.webp\");}<\/style>\t\t<div data-elementor-type=\"loop-item\" data-elementor-id=\"8078\" class=\"elementor elementor-8078 e-loop-item e-loop-item-7309 post-7309 page type-page status-publish has-post-thumbnail hentry category-talking-points\" data-elementor-post-type=\"elementor_library\" data-custom-edit-handle=\"1\">\n\t\t\t<div class=\"elementor-element elementor-element-88e1e51 e-flex e-con-boxed e-con e-parent\" data-id=\"88e1e51\" data-element_type=\"container\" data-settings=\"{&quot;background_background&quot;:&quot;classic&quot;}\">\n\t\t\t\t\t<div class=\"e-con-inner\">\n\t\t\t\t<div class=\"elementor-element elementor-element-2c4e9ae elementor-invisible elementor-widget elementor-widget-theme-post-title elementor-page-title elementor-widget-heading\" data-id=\"2c4e9ae\" data-element_type=\"widget\" data-settings=\"{&quot;_animation&quot;:&quot;bounce&quot;,&quot;_animation_delay&quot;:200}\" data-widget_type=\"theme-post-title.default\">\n\t\t\t\t<div class=\"elementor-widget-container\">\n\t\t\t<h1 class=\"elementor-heading-title elementor-size-default\"><a href=\"https:\/\/lizbecerra4council.com\/es\/community-commitment-serving-with-dedication\/\">Compromiso con la Comunidad: Servir con dedicaci\u00f3n<\/a><\/h1>\t\t<\/div>\n\t\t\t\t<\/div>\n\t\t\t\t\t<\/div>\n\t\t\t\t<\/div>\n\t\t\t\t<\/div>\n\t\t<style id=\"loop-dynamic-8078\">.e-loop-item-7311 .elementor-element.elementor-element-88e1e51:not(.elementor-motion-effects-element-type-background), .e-loop-item-7311 .elementor-element.elementor-element-88e1e51 > .elementor-motion-effects-container > .elementor-motion-effects-layer{background-image:url(\"https:\/\/lizbecerra4council.com\/wp-content\/uploads\/2024\/03\/background-pink.webp\");}<\/style>\t\t<div data-elementor-type=\"loop-item\" data-elementor-id=\"8078\" class=\"elementor elementor-8078 e-loop-item e-loop-item-7311 post-7311 page type-page status-publish has-post-thumbnail hentry category-talking-points\" data-elementor-post-type=\"elementor_library\" data-custom-edit-handle=\"1\">\n\t\t\t<div class=\"elementor-element elementor-element-88e1e51 e-flex e-con-boxed e-con e-parent\" data-id=\"88e1e51\" data-element_type=\"container\" data-settings=\"{&quot;background_background&quot;:&quot;classic&quot;}\">\n\t\t\t\t\t<div class=\"e-con-inner\">\n\t\t\t\t<div class=\"elementor-element elementor-element-2c4e9ae elementor-invisible elementor-widget elementor-widget-theme-post-title elementor-page-title elementor-widget-heading\" data-id=\"2c4e9ae\" data-element_type=\"widget\" data-settings=\"{&quot;_animation&quot;:&quot;bounce&quot;,&quot;_animation_delay&quot;:200}\" data-widget_type=\"theme-post-title.default\">\n\t\t\t\t<div class=\"elementor-widget-container\">\n\t\t\t<h1 class=\"elementor-heading-title elementor-size-default\"><a href=\"https:\/\/lizbecerra4council.com\/es\/enhancing-city-programs-and-events\/\">Potenciar los programas y eventos de la ciudad<\/a><\/h1>\t\t<\/div>\n\t\t\t\t<\/div>\n\t\t\t\t\t<\/div>\n\t\t\t\t<\/div>\n\t\t\t\t<\/div>\n\t\t<style id=\"loop-dynamic-8078\">.e-loop-item-8126 .elementor-element.elementor-element-88e1e51:not(.elementor-motion-effects-element-type-background), .e-loop-item-8126 .elementor-element.elementor-element-88e1e51 > .elementor-motion-effects-container > .elementor-motion-effects-layer{background-image:url(\"https:\/\/lizbecerra4council.com\/wp-content\/uploads\/2024\/08\/background-yellow.webp\");}<\/style>\t\t<div data-elementor-type=\"loop-item\" data-elementor-id=\"8078\" class=\"elementor elementor-8078 e-loop-item e-loop-item-8126 post-8126 page type-page status-publish has-post-thumbnail hentry category-talking-points\" data-elementor-post-type=\"elementor_library\" data-custom-edit-handle=\"1\">\n\t\t\t<div class=\"elementor-element elementor-element-88e1e51 e-flex e-con-boxed e-con e-parent\" data-id=\"88e1e51\" data-element_type=\"container\" data-settings=\"{&quot;background_background&quot;:&quot;classic&quot;}\">\n\t\t\t\t\t<div class=\"e-con-inner\">\n\t\t\t\t<div class=\"elementor-element elementor-element-2c4e9ae elementor-invisible elementor-widget elementor-widget-theme-post-title elementor-page-title elementor-widget-heading\" data-id=\"2c4e9ae\" data-element_type=\"widget\" data-settings=\"{&quot;_animation&quot;:&quot;bounce&quot;,&quot;_animation_delay&quot;:200}\" data-widget_type=\"theme-post-title.default\">\n\t\t\t\t<div class=\"elementor-widget-container\">\n\t\t\t<h1 class=\"elementor-heading-title elementor-size-default\"><a href=\"https:\/\/lizbecerra4council.com\/es\/improving-city-services-for-all\/\">Mejorar los servicios municipales para todos<\/a><\/h1>\t\t<\/div>\n\t\t\t\t<\/div>\n\t\t\t\t\t<\/div>\n\t\t\t\t<\/div>\n\t\t\t\t<\/div>\n\t\t\t\t<\/div>\n\t\t\n\t\t\t\t<\/div>\n\t\t\t\t<\/div>\n\t\t\t\t\t<\/div>\n\t\t<\/div>\n\t\t\t\t\t<\/div>\n\t\t<\/section>\n\t\t\t\t<\/div>","protected":false},"excerpt":{"rendered":"<p>Desarrollar formas innovadoras de revitalizar la calidad de vida de nuestras comunidades, desde eventos hasta parques urbanos. <\/p>","protected":false},"author":1,"featured_media":8128,"parent":0,"menu_order":120,"comment_status":"closed","ping_status":"closed","template":"","meta":{"footnotes":""},"categories":[32],"tags":[],"class_list":["post-8126","page","type-page","status-publish","has-post-thumbnail","hentry","category-talking-points"],"yoast_head":"<!-- This site is optimized with the Yoast SEO plugin v23.7 - https:\/\/yoast.com\/wordpress\/plugins\/seo\/ -->\n<title>Improving City Services for All - Elizabeth &quot;Liz&quot; Becerra<\/title>\n<meta name=\"robots\" content=\"index, follow, max-snippet:-1, max-image-preview:large, max-video-preview:-1\" \/>\n<link rel=\"canonical\" href=\"https:\/\/lizbecerra4council.com\/es\/improving-city-services-for-all\/\" \/>\n<meta property=\"og:locale\" content=\"es_MX\" \/>\n<meta property=\"og:type\" content=\"article\" \/>\n<meta property=\"og:title\" content=\"Improving City Services for All - Elizabeth &quot;Liz&quot; Becerra\" \/>\n<meta property=\"og:description\" content=\"Developing innovative ways to revitalize the quality of life for our communities, from events to city parks.\" \/>\n<meta property=\"og:url\" content=\"https:\/\/lizbecerra4council.com\/es\/improving-city-services-for-all\/\" \/>\n<meta property=\"og:site_name\" content=\"Elizabeth &quot;Liz&quot; Becerra\" \/>\n<meta property=\"article:modified_time\" content=\"2024-08-18T16:17:58+00:00\" \/>\n<meta property=\"og:image\" content=\"https:\/\/lizbecerra4council.com\/wp-content\/uploads\/2024\/08\/background-yellow.webp\" \/>\n\t<meta property=\"og:image:width\" content=\"2000\" \/>\n\t<meta property=\"og:image:height\" content=\"1214\" \/>\n\t<meta property=\"og:image:type\" content=\"image\/webp\" \/>\n<meta name=\"twitter:card\" content=\"summary_large_image\" \/>\n<meta name=\"twitter:label1\" content=\"Tiempo de lectura\" \/>\n\t<meta name=\"twitter:data1\" content=\"2 minutos\" \/>\n<script type=\"application\/ld+json\" class=\"yoast-schema-graph\">{\"@context\":\"https:\/\/schema.org\",\"@graph\":[{\"@type\":\"WebPage\",\"@id\":\"https:\/\/lizbecerra4council.com\/improving-city-services-for-all\/\",\"url\":\"https:\/\/lizbecerra4council.com\/improving-city-services-for-all\/\",\"name\":\"Improving City Services for All - Elizabeth &quot;Liz&quot; Becerra\",\"isPartOf\":{\"@id\":\"https:\/\/lizbecerra4council.com\/#website\"},\"primaryImageOfPage\":{\"@id\":\"https:\/\/lizbecerra4council.com\/improving-city-services-for-all\/#primaryimage\"},\"image\":{\"@id\":\"https:\/\/lizbecerra4council.com\/improving-city-services-for-all\/#primaryimage\"},\"thumbnailUrl\":\"https:\/\/lizbecerra4council.com\/wp-content\/uploads\/2024\/08\/background-yellow.webp\",\"datePublished\":\"2024-08-15T20:03:19+00:00\",\"dateModified\":\"2024-08-18T16:17:58+00:00\",\"breadcrumb\":{\"@id\":\"https:\/\/lizbecerra4council.com\/improving-city-services-for-all\/#breadcrumb\"},\"inLanguage\":\"es\",\"potentialAction\":[{\"@type\":\"ReadAction\",\"target\":[\"https:\/\/lizbecerra4council.com\/improving-city-services-for-all\/\"]}]},{\"@type\":\"ImageObject\",\"inLanguage\":\"es\",\"@id\":\"https:\/\/lizbecerra4council.com\/improving-city-services-for-all\/#primaryimage\",\"url\":\"https:\/\/lizbecerra4council.com\/wp-content\/uploads\/2024\/08\/background-yellow.webp\",\"contentUrl\":\"https:\/\/lizbecerra4council.com\/wp-content\/uploads\/2024\/08\/background-yellow.webp\",\"width\":2000,\"height\":1214},{\"@type\":\"BreadcrumbList\",\"@id\":\"https:\/\/lizbecerra4council.com\/improving-city-services-for-all\/#breadcrumb\",\"itemListElement\":[{\"@type\":\"ListItem\",\"position\":1,\"name\":\"Home\",\"item\":\"https:\/\/lizbecerra4council.com\/\"},{\"@type\":\"ListItem\",\"position\":2,\"name\":\"Improving City Services for All\"}]},{\"@type\":\"WebSite\",\"@id\":\"https:\/\/lizbecerra4council.com\/#website\",\"url\":\"https:\/\/lizbecerra4council.com\/\",\"name\":\"Elizabeth &quot;Liz&quot; Becerra\",\"description\":\"District 3 | Victorville City Council\",\"publisher\":{\"@id\":\"https:\/\/lizbecerra4council.com\/#organization\"},\"potentialAction\":[{\"@type\":\"SearchAction\",\"target\":{\"@type\":\"EntryPoint\",\"urlTemplate\":\"https:\/\/lizbecerra4council.com\/?s={search_term_string}\"},\"query-input\":{\"@type\":\"PropertyValueSpecification\",\"valueRequired\":true,\"valueName\":\"search_term_string\"}}],\"inLanguage\":\"es\"},{\"@type\":\"Organization\",\"@id\":\"https:\/\/lizbecerra4council.com\/#organization\",\"name\":\"Elizabeth &quot;Liz&quot; Becerra\",\"url\":\"https:\/\/lizbecerra4council.com\/\",\"logo\":{\"@type\":\"ImageObject\",\"inLanguage\":\"es\",\"@id\":\"https:\/\/lizbecerra4council.com\/#\/schema\/logo\/image\/\",\"url\":\"https:\/\/lizbecerra4council.com\/wp-content\/uploads\/2024\/03\/Hor-Full.webp\",\"contentUrl\":\"https:\/\/lizbecerra4council.com\/wp-content\/uploads\/2024\/03\/Hor-Full.webp\",\"width\":1000,\"height\":500,\"caption\":\"Elizabeth &quot;Liz&quot; Becerra\"},\"image\":{\"@id\":\"https:\/\/lizbecerra4council.com\/#\/schema\/logo\/image\/\"}}]}<\/script>\n<!-- \/ Yoast SEO plugin. -->","yoast_head_json":{"title":"Improving City Services for All - Elizabeth &quot;Liz&quot; Becerra","robots":{"index":"index","follow":"follow","max-snippet":"max-snippet:-1","max-image-preview":"max-image-preview:large","max-video-preview":"max-video-preview:-1"},"canonical":"https:\/\/lizbecerra4council.com\/es\/improving-city-services-for-all\/","og_locale":"es_MX","og_type":"article","og_title":"Improving City Services for All - Elizabeth &quot;Liz&quot; Becerra","og_description":"Developing innovative ways to revitalize the quality of life for our communities, from events to city parks.","og_url":"https:\/\/lizbecerra4council.com\/es\/improving-city-services-for-all\/","og_site_name":"Elizabeth &quot;Liz&quot; Becerra","article_modified_time":"2024-08-18T16:17:58+00:00","og_image":[{"width":2000,"height":1214,"url":"https:\/\/lizbecerra4council.com\/wp-content\/uploads\/2024\/08\/background-yellow.webp","type":"image\/webp"}],"twitter_card":"summary_large_image","twitter_misc":{"Tiempo de lectura":"2 minutos"},"schema":{"@context":"https:\/\/schema.org","@graph":[{"@type":"WebPage","@id":"https:\/\/lizbecerra4council.com\/improving-city-services-for-all\/","url":"https:\/\/lizbecerra4council.com\/improving-city-services-for-all\/","name":"Improving City Services for All - Elizabeth &quot;Liz&quot; Becerra","isPartOf":{"@id":"https:\/\/lizbecerra4council.com\/#website"},"primaryImageOfPage":{"@id":"https:\/\/lizbecerra4council.com\/improving-city-services-for-all\/#primaryimage"},"image":{"@id":"https:\/\/lizbecerra4council.com\/improving-city-services-for-all\/#primaryimage"},"thumbnailUrl":"https:\/\/lizbecerra4council.com\/wp-content\/uploads\/2024\/08\/background-yellow.webp","datePublished":"2024-08-15T20:03:19+00:00","dateModified":"2024-08-18T16:17:58+00:00","breadcrumb":{"@id":"https:\/\/lizbecerra4council.com\/improving-city-services-for-all\/#breadcrumb"},"inLanguage":"es","potentialAction":[{"@type":"ReadAction","target":["https:\/\/lizbecerra4council.com\/improving-city-services-for-all\/"]}]},{"@type":"ImageObject","inLanguage":"es","@id":"https:\/\/lizbecerra4council.com\/improving-city-services-for-all\/#primaryimage","url":"https:\/\/lizbecerra4council.com\/wp-content\/uploads\/2024\/08\/background-yellow.webp","contentUrl":"https:\/\/lizbecerra4council.com\/wp-content\/uploads\/2024\/08\/background-yellow.webp","width":2000,"height":1214},{"@type":"BreadcrumbList","@id":"https:\/\/lizbecerra4council.com\/improving-city-services-for-all\/#breadcrumb","itemListElement":[{"@type":"ListItem","position":1,"name":"Home","item":"https:\/\/lizbecerra4council.com\/"},{"@type":"ListItem","position":2,"name":"Improving City Services for All"}]},{"@type":"WebSite","@id":"https:\/\/lizbecerra4council.com\/#website","url":"https:\/\/lizbecerra4council.com\/","name":"Elizabeth &quot;Liz&quot; Becerra","description":"District 3 | Victorville City Council","publisher":{"@id":"https:\/\/lizbecerra4council.com\/#organization"},"potentialAction":[{"@type":"SearchAction","target":{"@type":"EntryPoint","urlTemplate":"https:\/\/lizbecerra4council.com\/?s={search_term_string}"},"query-input":{"@type":"PropertyValueSpecification","valueRequired":true,"valueName":"search_term_string"}}],"inLanguage":"es"},{"@type":"Organization","@id":"https:\/\/lizbecerra4council.com\/#organization","name":"Elizabeth &quot;Liz&quot; Becerra","url":"https:\/\/lizbecerra4council.com\/","logo":{"@type":"ImageObject","inLanguage":"es","@id":"https:\/\/lizbecerra4council.com\/#\/schema\/logo\/image\/","url":"https:\/\/lizbecerra4council.com\/wp-content\/uploads\/2024\/03\/Hor-Full.webp","contentUrl":"https:\/\/lizbecerra4council.com\/wp-content\/uploads\/2024\/03\/Hor-Full.webp","width":1000,"height":500,"caption":"Elizabeth &quot;Liz&quot; Becerra"},"image":{"@id":"https:\/\/lizbecerra4council.com\/#\/schema\/logo\/image\/"}}]}},"_links":{"self":[{"href":"https:\/\/lizbecerra4council.com\/es\/wp-json\/wp\/v2\/pages\/8126","targetHints":{"allow":["GET"]}}],"collection":[{"href":"https:\/\/lizbecerra4council.com\/es\/wp-json\/wp\/v2\/pages"}],"about":[{"href":"https:\/\/lizbecerra4council.com\/es\/wp-json\/wp\/v2\/types\/page"}],"author":[{"embeddable":true,"href":"https:\/\/lizbecerra4council.com\/es\/wp-json\/wp\/v2\/users\/1"}],"replies":[{"embeddable":true,"href":"https:\/\/lizbecerra4council.com\/es\/wp-json\/wp\/v2\/comments?post=8126"}],"version-history":[{"count":12,"href":"https:\/\/lizbecerra4council.com\/es\/wp-json\/wp\/v2\/pages\/8126\/revisions"}],"predecessor-version":[{"id":8316,"href":"https:\/\/lizbecerra4council.com\/es\/wp-json\/wp\/v2\/pages\/8126\/revisions\/8316"}],"wp:featuredmedia":[{"embeddable":true,"href":"https:\/\/lizbecerra4council.com\/es\/wp-json\/wp\/v2\/media\/8128"}],"wp:attachment":[{"href":"https:\/\/lizbecerra4council.com\/es\/wp-json\/wp\/v2\/media?parent=8126"}],"wp:term":[{"taxonomy":"category","embeddable":true,"href":"https:\/\/lizbecerra4council.com\/es\/wp-json\/wp\/v2\/categories?post=8126"},{"taxonomy":"post_tag","embeddable":true,"href":"https:\/\/lizbecerra4council.com\/es\/wp-json\/wp\/v2\/tags?post=8126"}],"curies":[{"name":"wp","href":"https:\/\/api.w.org\/{rel}","templated":true}]}}