{"id":7409,"date":"2024-08-13T18:21:05","date_gmt":"2024-08-14T01:21:05","guid":{"rendered":"https:\/\/staging.ericnegretevictorville.com\/?page_id=7409"},"modified":"2024-08-15T14:08:18","modified_gmt":"2024-08-15T21:08:18","slug":"map","status":"publish","type":"page","link":"https:\/\/lizbecerra4council.com\/es\/map\/","title":{"rendered":"Mapa del distrito"},"content":{"rendered":"<div data-elementor-type=\"wp-post\" data-elementor-id=\"7409\" class=\"elementor elementor-7409\" data-elementor-post-type=\"page\">\n\t\t\t\t<div class=\"elementor-element elementor-element-25dad97 e-flex e-con-boxed e-con e-parent\" data-id=\"25dad97\" data-element_type=\"container\" data-settings=\"{&quot;background_background&quot;:&quot;classic&quot;}\">\n\t\t\t\t\t<div class=\"e-con-inner\">\n\t\t<div class=\"elementor-element elementor-element-465ae6e e-con-full e-flex e-con e-child\" data-id=\"465ae6e\" data-element_type=\"container\">\n\t\t\t\t<div class=\"elementor-element elementor-element-65511e0 elementor-widget elementor-widget-heading\" data-id=\"65511e0\" data-element_type=\"widget\" data-widget_type=\"heading.default\">\n\t\t\t\t<div class=\"elementor-widget-container\">\n\t\t\t<h1 class=\"elementor-heading-title elementor-size-default\">B\u00fasqueda en el mapa del distrito.<\/h1>\t\t<\/div>\n\t\t\t\t<\/div>\n\t\t\t\t<div class=\"elementor-element elementor-element-2f61996 elementor-widget elementor-widget-text-editor\" data-id=\"2f61996\" data-element_type=\"widget\" data-widget_type=\"text-editor.default\">\n\t\t\t\t<div class=\"elementor-widget-container\">\n\t\t\t\t\t\t\t<h3>Introduzca la direcci\u00f3n de su casa a continuaci\u00f3n para averiguar r\u00e1pidamente en qu\u00e9 distrito vive dentro de Victorville. Esta herramienta le ayudar\u00e1 a determinar su distrito para que pueda saber c\u00f3mo votar por sus representantes locales en las pr\u00f3ximas elecciones. \u00a1Simplemente escriba su direcci\u00f3n en la secci\u00f3n superior derecha para empezar!<\/h3>\t\t\t\t\t\t<\/div>\n\t\t\t\t<\/div>\n\t\t\t\t<\/div>\n\t\t\t\t\t<\/div>\n\t\t\t\t<\/div>\n\t\t<div class=\"elementor-element elementor-element-7dffa08 e-flex e-con-boxed e-con e-parent\" data-id=\"7dffa08\" data-element_type=\"container\">\n\t\t\t\t\t<div class=\"e-con-inner\">\n\t\t\t\t<div class=\"elementor-element elementor-element-2324586 elementor-widget__width-inherit elementor-widget elementor-widget-html\" data-id=\"2324586\" data-element_type=\"widget\" data-widget_type=\"html.default\">\n\t\t\t\t<div class=\"elementor-widget-container\">\n\t\t\t\n    \n    <iframe class=\"stream-element\" marginheight=\"0\" marginwidth=\"0\" display=\"block\" border=\"none\" outline=\"none\" margin=\"none\" src=\"https:\/\/redistrictingpartners.com\/wp-content\/uploads\/2021\/12\/Victorville-Final-Plan.html\" scrolling=\"no\" seamless=\"yes\" allowfullscreen=\"yes\" frameborder=\"0\" style=\"height: 60vh;\"><\/iframe>\n\n\n\n\n\t\t<\/div>\n\t\t\t\t<\/div>\n\t\t\t\t\t<\/div>\n\t\t\t\t<\/div>\n\t\t\t\t<\/div>","protected":false},"excerpt":{"rendered":"<p>\u00bfNo est\u00e1s seguro de si est\u00e1s en el distrito de Eric? Introduce tu ubicaci\u00f3n para saber si est\u00e1s en el Distrito 5.<\/p>","protected":false},"author":1,"featured_media":7722,"parent":0,"menu_order":0,"comment_status":"closed","ping_status":"closed","template":"","meta":{"footnotes":""},"categories":[],"tags":[],"class_list":["post-7409","page","type-page","status-publish","has-post-thumbnail","hentry"],"yoast_head":"<!-- This site is optimized with the Yoast SEO plugin v23.7 - https:\/\/yoast.com\/wordpress\/plugins\/seo\/ -->\n<title>District Map - Elizabeth &quot;Liz&quot; Becerra<\/title>\n<meta name=\"robots\" content=\"index, follow, max-snippet:-1, max-image-preview:large, max-video-preview:-1\" \/>\n<link rel=\"canonical\" href=\"https:\/\/lizbecerra4council.com\/es\/map\/\" \/>\n<meta property=\"og:locale\" content=\"es_MX\" \/>\n<meta property=\"og:type\" content=\"article\" \/>\n<meta property=\"og:title\" content=\"District Map - Elizabeth &quot;Liz&quot; Becerra\" \/>\n<meta property=\"og:description\" content=\"Not sure if you&#039;re in Eric&#039;s district? Enter your location to find out if you&#039;re in District 5.\" \/>\n<meta property=\"og:url\" content=\"https:\/\/lizbecerra4council.com\/es\/map\/\" \/>\n<meta property=\"og:site_name\" content=\"Elizabeth &quot;Liz&quot; Becerra\" \/>\n<meta property=\"article:modified_time\" content=\"2024-08-15T21:08:18+00:00\" \/>\n<meta property=\"og:image\" content=\"https:\/\/lizbecerra4council.com\/wp-content\/uploads\/2024\/08\/map.webp\" \/>\n\t<meta property=\"og:image:width\" content=\"1000\" \/>\n\t<meta property=\"og:image:height\" content=\"535\" \/>\n\t<meta property=\"og:image:type\" content=\"image\/webp\" \/>\n<meta name=\"twitter:card\" content=\"summary_large_image\" \/>\n<meta name=\"twitter:label1\" content=\"Tiempo de lectura\" \/>\n\t<meta name=\"twitter:data1\" content=\"1 minuto\" \/>\n<script type=\"application\/ld+json\" class=\"yoast-schema-graph\">{\"@context\":\"https:\/\/schema.org\",\"@graph\":[{\"@type\":\"WebPage\",\"@id\":\"https:\/\/lizbecerra4council.com\/map\/\",\"url\":\"https:\/\/lizbecerra4council.com\/map\/\",\"name\":\"District Map - Elizabeth &quot;Liz&quot; Becerra\",\"isPartOf\":{\"@id\":\"https:\/\/lizbecerra4council.com\/#website\"},\"primaryImageOfPage\":{\"@id\":\"https:\/\/lizbecerra4council.com\/map\/#primaryimage\"},\"image\":{\"@id\":\"https:\/\/lizbecerra4council.com\/map\/#primaryimage\"},\"thumbnailUrl\":\"https:\/\/lizbecerra4council.com\/wp-content\/uploads\/2024\/08\/map.webp\",\"datePublished\":\"2024-08-14T01:21:05+00:00\",\"dateModified\":\"2024-08-15T21:08:18+00:00\",\"breadcrumb\":{\"@id\":\"https:\/\/lizbecerra4council.com\/map\/#breadcrumb\"},\"inLanguage\":\"es\",\"potentialAction\":[{\"@type\":\"ReadAction\",\"target\":[\"https:\/\/lizbecerra4council.com\/map\/\"]}]},{\"@type\":\"ImageObject\",\"inLanguage\":\"es\",\"@id\":\"https:\/\/lizbecerra4council.com\/map\/#primaryimage\",\"url\":\"https:\/\/lizbecerra4council.com\/wp-content\/uploads\/2024\/08\/map.webp\",\"contentUrl\":\"https:\/\/lizbecerra4council.com\/wp-content\/uploads\/2024\/08\/map.webp\",\"width\":1000,\"height\":535},{\"@type\":\"BreadcrumbList\",\"@id\":\"https:\/\/lizbecerra4council.com\/map\/#breadcrumb\",\"itemListElement\":[{\"@type\":\"ListItem\",\"position\":1,\"name\":\"Home\",\"item\":\"https:\/\/lizbecerra4council.com\/\"},{\"@type\":\"ListItem\",\"position\":2,\"name\":\"District Map\"}]},{\"@type\":\"WebSite\",\"@id\":\"https:\/\/lizbecerra4council.com\/#website\",\"url\":\"https:\/\/lizbecerra4council.com\/\",\"name\":\"Elizabeth &quot;Liz&quot; Becerra\",\"description\":\"District 3 | Victorville City Council\",\"publisher\":{\"@id\":\"https:\/\/lizbecerra4council.com\/#organization\"},\"potentialAction\":[{\"@type\":\"SearchAction\",\"target\":{\"@type\":\"EntryPoint\",\"urlTemplate\":\"https:\/\/lizbecerra4council.com\/?s={search_term_string}\"},\"query-input\":{\"@type\":\"PropertyValueSpecification\",\"valueRequired\":true,\"valueName\":\"search_term_string\"}}],\"inLanguage\":\"es\"},{\"@type\":\"Organization\",\"@id\":\"https:\/\/lizbecerra4council.com\/#organization\",\"name\":\"Elizabeth &quot;Liz&quot; Becerra\",\"url\":\"https:\/\/lizbecerra4council.com\/\",\"logo\":{\"@type\":\"ImageObject\",\"inLanguage\":\"es\",\"@id\":\"https:\/\/lizbecerra4council.com\/#\/schema\/logo\/image\/\",\"url\":\"https:\/\/lizbecerra4council.com\/wp-content\/uploads\/2024\/03\/Hor-Full.webp\",\"contentUrl\":\"https:\/\/lizbecerra4council.com\/wp-content\/uploads\/2024\/03\/Hor-Full.webp\",\"width\":1000,\"height\":500,\"caption\":\"Elizabeth &quot;Liz&quot; Becerra\"},\"image\":{\"@id\":\"https:\/\/lizbecerra4council.com\/#\/schema\/logo\/image\/\"}}]}<\/script>\n<!-- \/ Yoast SEO plugin. -->","yoast_head_json":{"title":"District Map - Elizabeth &quot;Liz&quot; Becerra","robots":{"index":"index","follow":"follow","max-snippet":"max-snippet:-1","max-image-preview":"max-image-preview:large","max-video-preview":"max-video-preview:-1"},"canonical":"https:\/\/lizbecerra4council.com\/es\/map\/","og_locale":"es_MX","og_type":"article","og_title":"District Map - Elizabeth &quot;Liz&quot; Becerra","og_description":"Not sure if you're in Eric's district? Enter your location to find out if you're in District 5.","og_url":"https:\/\/lizbecerra4council.com\/es\/map\/","og_site_name":"Elizabeth &quot;Liz&quot; Becerra","article_modified_time":"2024-08-15T21:08:18+00:00","og_image":[{"width":1000,"height":535,"url":"https:\/\/lizbecerra4council.com\/wp-content\/uploads\/2024\/08\/map.webp","type":"image\/webp"}],"twitter_card":"summary_large_image","twitter_misc":{"Tiempo de lectura":"1 minuto"},"schema":{"@context":"https:\/\/schema.org","@graph":[{"@type":"WebPage","@id":"https:\/\/lizbecerra4council.com\/map\/","url":"https:\/\/lizbecerra4council.com\/map\/","name":"District Map - Elizabeth &quot;Liz&quot; Becerra","isPartOf":{"@id":"https:\/\/lizbecerra4council.com\/#website"},"primaryImageOfPage":{"@id":"https:\/\/lizbecerra4council.com\/map\/#primaryimage"},"image":{"@id":"https:\/\/lizbecerra4council.com\/map\/#primaryimage"},"thumbnailUrl":"https:\/\/lizbecerra4council.com\/wp-content\/uploads\/2024\/08\/map.webp","datePublished":"2024-08-14T01:21:05+00:00","dateModified":"2024-08-15T21:08:18+00:00","breadcrumb":{"@id":"https:\/\/lizbecerra4council.com\/map\/#breadcrumb"},"inLanguage":"es","potentialAction":[{"@type":"ReadAction","target":["https:\/\/lizbecerra4council.com\/map\/"]}]},{"@type":"ImageObject","inLanguage":"es","@id":"https:\/\/lizbecerra4council.com\/map\/#primaryimage","url":"https:\/\/lizbecerra4council.com\/wp-content\/uploads\/2024\/08\/map.webp","contentUrl":"https:\/\/lizbecerra4council.com\/wp-content\/uploads\/2024\/08\/map.webp","width":1000,"height":535},{"@type":"BreadcrumbList","@id":"https:\/\/lizbecerra4council.com\/map\/#breadcrumb","itemListElement":[{"@type":"ListItem","position":1,"name":"Home","item":"https:\/\/lizbecerra4council.com\/"},{"@type":"ListItem","position":2,"name":"District Map"}]},{"@type":"WebSite","@id":"https:\/\/lizbecerra4council.com\/#website","url":"https:\/\/lizbecerra4council.com\/","name":"Elizabeth &quot;Liz&quot; Becerra","description":"District 3 | Victorville City Council","publisher":{"@id":"https:\/\/lizbecerra4council.com\/#organization"},"potentialAction":[{"@type":"SearchAction","target":{"@type":"EntryPoint","urlTemplate":"https:\/\/lizbecerra4council.com\/?s={search_term_string}"},"query-input":{"@type":"PropertyValueSpecification","valueRequired":true,"valueName":"search_term_string"}}],"inLanguage":"es"},{"@type":"Organization","@id":"https:\/\/lizbecerra4council.com\/#organization","name":"Elizabeth &quot;Liz&quot; Becerra","url":"https:\/\/lizbecerra4council.com\/","logo":{"@type":"ImageObject","inLanguage":"es","@id":"https:\/\/lizbecerra4council.com\/#\/schema\/logo\/image\/","url":"https:\/\/lizbecerra4council.com\/wp-content\/uploads\/2024\/03\/Hor-Full.webp","contentUrl":"https:\/\/lizbecerra4council.com\/wp-content\/uploads\/2024\/03\/Hor-Full.webp","width":1000,"height":500,"caption":"Elizabeth &quot;Liz&quot; Becerra"},"image":{"@id":"https:\/\/lizbecerra4council.com\/#\/schema\/logo\/image\/"}}]}},"_links":{"self":[{"href":"https:\/\/lizbecerra4council.com\/es\/wp-json\/wp\/v2\/pages\/7409","targetHints":{"allow":["GET"]}}],"collection":[{"href":"https:\/\/lizbecerra4council.com\/es\/wp-json\/wp\/v2\/pages"}],"about":[{"href":"https:\/\/lizbecerra4council.com\/es\/wp-json\/wp\/v2\/types\/page"}],"author":[{"embeddable":true,"href":"https:\/\/lizbecerra4council.com\/es\/wp-json\/wp\/v2\/users\/1"}],"replies":[{"embeddable":true,"href":"https:\/\/lizbecerra4council.com\/es\/wp-json\/wp\/v2\/comments?post=7409"}],"version-history":[{"count":48,"href":"https:\/\/lizbecerra4council.com\/es\/wp-json\/wp\/v2\/pages\/7409\/revisions"}],"predecessor-version":[{"id":8201,"href":"https:\/\/lizbecerra4council.com\/es\/wp-json\/wp\/v2\/pages\/7409\/revisions\/8201"}],"wp:featuredmedia":[{"embeddable":true,"href":"https:\/\/lizbecerra4council.com\/es\/wp-json\/wp\/v2\/media\/7722"}],"wp:attachment":[{"href":"https:\/\/lizbecerra4council.com\/es\/wp-json\/wp\/v2\/media?parent=7409"}],"wp:term":[{"taxonomy":"category","embeddable":true,"href":"https:\/\/lizbecerra4council.com\/es\/wp-json\/wp\/v2\/categories?post=7409"},{"taxonomy":"post_tag","embeddable":true,"href":"https:\/\/lizbecerra4council.com\/es\/wp-json\/wp\/v2\/tags?post=7409"}],"curies":[{"name":"wp","href":"https:\/\/api.w.org\/{rel}","templated":true}]}}