{"id":7309,"date":"2024-08-13T17:32:51","date_gmt":"2024-08-14T00:32:51","guid":{"rendered":"https:\/\/staging.ericnegretevictorville.com\/?page_id=7309"},"modified":"2024-08-15T14:44:13","modified_gmt":"2024-08-15T21:44:13","slug":"community-commitment-serving-with-dedication","status":"publish","type":"page","link":"https:\/\/lizbecerra4council.com\/es\/community-commitment-serving-with-dedication\/","title":{"rendered":"Compromiso con la Comunidad: Servir con dedicaci\u00f3n"},"content":{"rendered":"<div data-elementor-type=\"wp-post\" data-elementor-id=\"7309\" class=\"elementor elementor-7309\" data-elementor-post-type=\"page\">\n\t\t\t\t<div class=\"elementor-element elementor-element-3fdc824 e-flex e-con-boxed e-con e-parent\" data-id=\"3fdc824\" data-element_type=\"container\" data-settings=\"{&quot;background_background&quot;:&quot;classic&quot;}\">\n\t\t\t\t\t<div class=\"e-con-inner\">\n\t\t<div class=\"elementor-element elementor-element-40e6fbf e-con-full e-flex e-con e-child\" data-id=\"40e6fbf\" data-element_type=\"container\">\n\t\t\t\t<div class=\"elementor-element elementor-element-f6f04b1 elementor-widget elementor-widget-heading\" data-id=\"f6f04b1\" data-element_type=\"widget\" data-widget_type=\"heading.default\">\n\t\t\t\t<div class=\"elementor-widget-container\">\n\t\t\t<h1 class=\"elementor-heading-title elementor-size-default\">Compromiso con la Comunidad: Servir con dedicaci\u00f3n.<\/h1>\t\t<\/div>\n\t\t\t\t<\/div>\n\t\t\t\t<div class=\"elementor-element elementor-element-14a1e14 elementor-widget elementor-widget-text-editor\" data-id=\"14a1e14\" data-element_type=\"widget\" data-widget_type=\"text-editor.default\">\n\t\t\t\t<div class=\"elementor-widget-container\">\n\t\t\t\t\t\t\t<h1>Victorville no es s\u00f3lo donde vivo; es lo que soy. Las ra\u00edces de mi familia en esta comunidad se remontan a la d\u00e9cada de 1920. Crecer en la calle E y trabajar durante 34 a\u00f1os en el departamento de obras p\u00fablicas de la ciudad ha arraigado en m\u00ed un profundo compromiso de servir a nuestros ciudadanos<\/h1>\t\t\t\t\t\t<\/div>\n\t\t\t\t<\/div>\n\t\t\t\t<div class=\"elementor-element elementor-element-f5ccfe2 elementor-widget elementor-widget-text-editor\" data-id=\"f5ccfe2\" data-element_type=\"widget\" data-widget_type=\"text-editor.default\">\n\t\t\t\t<div class=\"elementor-widget-container\">\n\t\t\t\t\t\t\t<h3>Todo lo que he conocido es servir a la ciudad y a los ciudadanos, y esto es lo que me motiva cada d\u00eda.\u00a0<\/h3><h5>Quiero que todos los residentes sientan que tienen voz en el futuro de nuestra ciudad. Durante mi tiempo en el Ayuntamiento, he apoyado la Medida P, una medida de impuesto sobre las ventas dise\u00f1ado para generar fondos para la seguridad p\u00fablica y las iniciativas de calidad de vida, incluyendo la lucha contra la falta de vivienda y la delincuencia y la mejora de los servicios de la ciudad como nuestros planes para una nueva biblioteca. Mi objetivo es garantizar Victorville sigue siendo una ciudad que todos podemos estar orgullosos, ofreciendo servicios de primer nivel a nuestros residentes. Me dedico a mantener l\u00edneas abiertas de comunicaci\u00f3n con nuestros residentes, asegurando que sus preocupaciones sean escuchadas y atendidas.<\/h5>\t\t\t\t\t\t<\/div>\n\t\t\t\t<\/div>\n\t\t\t\t<div class=\"elementor-element elementor-element-23e1678 elementor-widget elementor-widget-heading\" data-id=\"23e1678\" data-element_type=\"widget\" data-widget_type=\"heading.default\">\n\t\t\t\t<div class=\"elementor-widget-container\">\n\t\t\t<h1 class=\"elementor-heading-title elementor-size-default\">He aqu\u00ed m\u00e1s detalles de mi plan<\/h1>\t\t<\/div>\n\t\t\t\t<\/div>\n\t\t\t\t<\/div>\n\t\t\t\t\t<\/div>\n\t\t\t\t<\/div>\n\t\t\t\t<section class=\"elementor-section elementor-top-section elementor-element elementor-element-7db3dc7 elementor-section-boxed elementor-section-height-default elementor-section-height-default\" data-id=\"7db3dc7\" data-element_type=\"section\">\n\t\t\t\t\t\t<div class=\"elementor-container elementor-column-gap-default\">\n\t\t\t\t\t<div class=\"elementor-column elementor-col-100 elementor-top-column elementor-element elementor-element-362c508\" data-id=\"362c508\" data-element_type=\"column\">\n\t\t\t<div class=\"elementor-widget-wrap elementor-element-populated\">\n\t\t\t\t\t\t<div class=\"elementor-element elementor-element-f29d697 elementor-grid-3 elementor-grid-tablet-2 elementor-grid-mobile-1 elementor-widget elementor-widget-loop-grid\" data-id=\"f29d697\" data-element_type=\"widget\" data-settings=\"{&quot;template_id&quot;:8078,&quot;columns&quot;:3,&quot;_skin&quot;:&quot;post&quot;,&quot;columns_tablet&quot;:&quot;2&quot;,&quot;columns_mobile&quot;:&quot;1&quot;,&quot;edit_handle_selector&quot;:&quot;[data-elementor-type=\\&quot;loop-item\\&quot;]&quot;,&quot;row_gap&quot;:{&quot;unit&quot;:&quot;px&quot;,&quot;size&quot;:&quot;&quot;,&quot;sizes&quot;:[]},&quot;row_gap_tablet&quot;:{&quot;unit&quot;:&quot;px&quot;,&quot;size&quot;:&quot;&quot;,&quot;sizes&quot;:[]},&quot;row_gap_mobile&quot;:{&quot;unit&quot;:&quot;px&quot;,&quot;size&quot;:&quot;&quot;,&quot;sizes&quot;:[]}}\" data-widget_type=\"loop-grid.post\">\n\t\t\t\t<div class=\"elementor-widget-container\">\n\t\t\t\t\t<div class=\"elementor-loop-container elementor-grid\">\n\t\t<style id=\"loop-dynamic-8078\">.e-loop-item-7313 .elementor-element.elementor-element-88e1e51:not(.elementor-motion-effects-element-type-background), .e-loop-item-7313 .elementor-element.elementor-element-88e1e51 > .elementor-motion-effects-container > .elementor-motion-effects-layer{background-image:url(\"https:\/\/lizbecerra4council.com\/wp-content\/uploads\/2024\/08\/background-orange.webp\");}<\/style><style id=\"loop-8078\">.elementor-8078 .elementor-element.elementor-element-88e1e51{--display:flex;--flex-direction:row;--container-widget-width:calc( ( 1 - var( --container-widget-flex-grow ) ) * 100% );--container-widget-height:100%;--container-widget-flex-grow:1;--container-widget-align-self:stretch;--flex-wrap-mobile:wrap;--align-items:center;--background-transition:0.3s;--border-radius:20px 20px 20px 20px;box-shadow:0px 0px 10px 0px rgba(0,0,0,0.5);--padding-top:60px;--padding-bottom:60px;--padding-left:40px;--padding-right:40px;}.elementor-8078 .elementor-element.elementor-element-88e1e51:not(.elementor-motion-effects-element-type-background), .elementor-8078 .elementor-element.elementor-element-88e1e51 > .elementor-motion-effects-container > .elementor-motion-effects-layer{background-size:cover;}.elementor-8078 .elementor-element.elementor-element-88e1e51, .elementor-8078 .elementor-element.elementor-element-88e1e51::before{--border-transition:0.3s;}.elementor-8078 .elementor-element.elementor-element-2c4e9ae{text-align:center;}.elementor-8078 .elementor-element.elementor-element-2c4e9ae .elementor-heading-title{color:var( --e-global-color-e855fac );font-family:\"Neue Plak\", Sans-serif;font-weight:bold;letter-spacing:-2.2px;text-shadow:0px 0px 10px rgba(0, 0, 0, 0.15);}<\/style>\t\t<div data-elementor-type=\"loop-item\" data-elementor-id=\"8078\" class=\"elementor elementor-8078 e-loop-item e-loop-item-7313 post-7313 page type-page status-publish has-post-thumbnail hentry category-talking-points\" data-elementor-post-type=\"elementor_library\" data-custom-edit-handle=\"1\">\n\t\t\t<div class=\"elementor-element elementor-element-88e1e51 e-flex e-con-boxed e-con e-parent\" data-id=\"88e1e51\" data-element_type=\"container\" data-settings=\"{&quot;background_background&quot;:&quot;classic&quot;}\">\n\t\t\t\t\t<div class=\"e-con-inner\">\n\t\t\t\t<div class=\"elementor-element elementor-element-2c4e9ae elementor-invisible elementor-widget elementor-widget-theme-post-title elementor-page-title elementor-widget-heading\" data-id=\"2c4e9ae\" data-element_type=\"widget\" data-settings=\"{&quot;_animation&quot;:&quot;bounce&quot;,&quot;_animation_delay&quot;:200}\" data-widget_type=\"theme-post-title.default\">\n\t\t\t\t<div class=\"elementor-widget-container\">\n\t\t\t<h1 class=\"elementor-heading-title elementor-size-default\"><a href=\"https:\/\/lizbecerra4council.com\/es\/ensuring-public-safety-building-a-secure-future\/\">Garantizar la seguridad p\u00fablica: Construir un futuro seguro<\/a><\/h1>\t\t<\/div>\n\t\t\t\t<\/div>\n\t\t\t\t\t<\/div>\n\t\t\t\t<\/div>\n\t\t\t\t<\/div>\n\t\t<style id=\"loop-dynamic-8078\">.e-loop-item-7315 .elementor-element.elementor-element-88e1e51:not(.elementor-motion-effects-element-type-background), .e-loop-item-7315 .elementor-element.elementor-element-88e1e51 > .elementor-motion-effects-container > .elementor-motion-effects-layer{background-image:url(\"https:\/\/lizbecerra4council.com\/wp-content\/uploads\/2024\/08\/background-green.webp\");}<\/style>\t\t<div data-elementor-type=\"loop-item\" data-elementor-id=\"8078\" class=\"elementor elementor-8078 e-loop-item e-loop-item-7315 post-7315 page type-page status-publish has-post-thumbnail hentry category-talking-points\" data-elementor-post-type=\"elementor_library\" data-custom-edit-handle=\"1\">\n\t\t\t<div class=\"elementor-element elementor-element-88e1e51 e-flex e-con-boxed e-con e-parent\" data-id=\"88e1e51\" data-element_type=\"container\" data-settings=\"{&quot;background_background&quot;:&quot;classic&quot;}\">\n\t\t\t\t\t<div class=\"e-con-inner\">\n\t\t\t\t<div class=\"elementor-element elementor-element-2c4e9ae elementor-invisible elementor-widget elementor-widget-theme-post-title elementor-page-title elementor-widget-heading\" data-id=\"2c4e9ae\" data-element_type=\"widget\" data-settings=\"{&quot;_animation&quot;:&quot;bounce&quot;,&quot;_animation_delay&quot;:200}\" data-widget_type=\"theme-post-title.default\">\n\t\t\t\t<div class=\"elementor-widget-container\">\n\t\t\t<h1 class=\"elementor-heading-title elementor-size-default\"><a href=\"https:\/\/lizbecerra4council.com\/es\/creating-opportunities-bringing-better-jobs-to-victorville\/\">Crear oportunidades: Mejores empleos en Victorville<\/a><\/h1>\t\t<\/div>\n\t\t\t\t<\/div>\n\t\t\t\t\t<\/div>\n\t\t\t\t<\/div>\n\t\t\t\t<\/div>\n\t\t<style id=\"loop-dynamic-8078\">.e-loop-item-7309 .elementor-element.elementor-element-88e1e51:not(.elementor-motion-effects-element-type-background), .e-loop-item-7309 .elementor-element.elementor-element-88e1e51 > .elementor-motion-effects-container > .elementor-motion-effects-layer{background-image:url(\"https:\/\/lizbecerra4council.com\/wp-content\/uploads\/2024\/08\/background.webp\");}<\/style>\t\t<div data-elementor-type=\"loop-item\" data-elementor-id=\"8078\" class=\"elementor elementor-8078 e-loop-item e-loop-item-7309 post-7309 page type-page status-publish has-post-thumbnail hentry category-talking-points\" data-elementor-post-type=\"elementor_library\" data-custom-edit-handle=\"1\">\n\t\t\t<div class=\"elementor-element elementor-element-88e1e51 e-flex e-con-boxed e-con e-parent\" data-id=\"88e1e51\" data-element_type=\"container\" data-settings=\"{&quot;background_background&quot;:&quot;classic&quot;}\">\n\t\t\t\t\t<div class=\"e-con-inner\">\n\t\t\t\t<div class=\"elementor-element elementor-element-2c4e9ae elementor-invisible elementor-widget elementor-widget-theme-post-title elementor-page-title elementor-widget-heading\" data-id=\"2c4e9ae\" data-element_type=\"widget\" data-settings=\"{&quot;_animation&quot;:&quot;bounce&quot;,&quot;_animation_delay&quot;:200}\" data-widget_type=\"theme-post-title.default\">\n\t\t\t\t<div class=\"elementor-widget-container\">\n\t\t\t<h1 class=\"elementor-heading-title elementor-size-default\"><a href=\"https:\/\/lizbecerra4council.com\/es\/community-commitment-serving-with-dedication\/\">Compromiso con la Comunidad: Servir con dedicaci\u00f3n<\/a><\/h1>\t\t<\/div>\n\t\t\t\t<\/div>\n\t\t\t\t\t<\/div>\n\t\t\t\t<\/div>\n\t\t\t\t<\/div>\n\t\t<style id=\"loop-dynamic-8078\">.e-loop-item-7311 .elementor-element.elementor-element-88e1e51:not(.elementor-motion-effects-element-type-background), .e-loop-item-7311 .elementor-element.elementor-element-88e1e51 > .elementor-motion-effects-container > .elementor-motion-effects-layer{background-image:url(\"https:\/\/lizbecerra4council.com\/wp-content\/uploads\/2024\/03\/background-pink.webp\");}<\/style>\t\t<div data-elementor-type=\"loop-item\" data-elementor-id=\"8078\" class=\"elementor elementor-8078 e-loop-item e-loop-item-7311 post-7311 page type-page status-publish has-post-thumbnail hentry category-talking-points\" data-elementor-post-type=\"elementor_library\" data-custom-edit-handle=\"1\">\n\t\t\t<div class=\"elementor-element elementor-element-88e1e51 e-flex e-con-boxed e-con e-parent\" data-id=\"88e1e51\" data-element_type=\"container\" data-settings=\"{&quot;background_background&quot;:&quot;classic&quot;}\">\n\t\t\t\t\t<div class=\"e-con-inner\">\n\t\t\t\t<div class=\"elementor-element elementor-element-2c4e9ae elementor-invisible elementor-widget elementor-widget-theme-post-title elementor-page-title elementor-widget-heading\" data-id=\"2c4e9ae\" data-element_type=\"widget\" data-settings=\"{&quot;_animation&quot;:&quot;bounce&quot;,&quot;_animation_delay&quot;:200}\" data-widget_type=\"theme-post-title.default\">\n\t\t\t\t<div class=\"elementor-widget-container\">\n\t\t\t<h1 class=\"elementor-heading-title elementor-size-default\"><a href=\"https:\/\/lizbecerra4council.com\/es\/enhancing-city-programs-and-events\/\">Potenciar los programas y eventos de la ciudad<\/a><\/h1>\t\t<\/div>\n\t\t\t\t<\/div>\n\t\t\t\t\t<\/div>\n\t\t\t\t<\/div>\n\t\t\t\t<\/div>\n\t\t<style id=\"loop-dynamic-8078\">.e-loop-item-8126 .elementor-element.elementor-element-88e1e51:not(.elementor-motion-effects-element-type-background), .e-loop-item-8126 .elementor-element.elementor-element-88e1e51 > .elementor-motion-effects-container > .elementor-motion-effects-layer{background-image:url(\"https:\/\/lizbecerra4council.com\/wp-content\/uploads\/2024\/08\/background-yellow.webp\");}<\/style>\t\t<div data-elementor-type=\"loop-item\" data-elementor-id=\"8078\" class=\"elementor elementor-8078 e-loop-item e-loop-item-8126 post-8126 page type-page status-publish has-post-thumbnail hentry category-talking-points\" data-elementor-post-type=\"elementor_library\" data-custom-edit-handle=\"1\">\n\t\t\t<div class=\"elementor-element elementor-element-88e1e51 e-flex e-con-boxed e-con e-parent\" data-id=\"88e1e51\" data-element_type=\"container\" data-settings=\"{&quot;background_background&quot;:&quot;classic&quot;}\">\n\t\t\t\t\t<div class=\"e-con-inner\">\n\t\t\t\t<div class=\"elementor-element elementor-element-2c4e9ae elementor-invisible elementor-widget elementor-widget-theme-post-title elementor-page-title elementor-widget-heading\" data-id=\"2c4e9ae\" data-element_type=\"widget\" data-settings=\"{&quot;_animation&quot;:&quot;bounce&quot;,&quot;_animation_delay&quot;:200}\" data-widget_type=\"theme-post-title.default\">\n\t\t\t\t<div class=\"elementor-widget-container\">\n\t\t\t<h1 class=\"elementor-heading-title elementor-size-default\"><a href=\"https:\/\/lizbecerra4council.com\/es\/improving-city-services-for-all\/\">Mejorar los servicios municipales para todos<\/a><\/h1>\t\t<\/div>\n\t\t\t\t<\/div>\n\t\t\t\t\t<\/div>\n\t\t\t\t<\/div>\n\t\t\t\t<\/div>\n\t\t\t\t<\/div>\n\t\t\n\t\t\t\t<\/div>\n\t\t\t\t<\/div>\n\t\t\t\t\t<\/div>\n\t\t<\/div>\n\t\t\t\t\t<\/div>\n\t\t<\/section>\n\t\t\t\t<\/div>","protected":false},"excerpt":{"rendered":"<p>Mi prioridad n\u00famero uno ser\u00e1 reforzar nuestras medidas de seguridad p\u00fablica y el apoyo a nuestras fuerzas del orden.<\/p>","protected":false},"author":1,"featured_media":7781,"parent":0,"menu_order":110,"comment_status":"closed","ping_status":"closed","template":"","meta":{"footnotes":""},"categories":[32],"tags":[],"class_list":["post-7309","page","type-page","status-publish","has-post-thumbnail","hentry","category-talking-points"],"yoast_head":"<!-- This site is optimized with the Yoast SEO plugin v23.7 - https:\/\/yoast.com\/wordpress\/plugins\/seo\/ -->\n<title>Community Commitment: Serving with Dedication - Elizabeth &quot;Liz&quot; Becerra<\/title>\n<meta name=\"robots\" content=\"index, follow, max-snippet:-1, max-image-preview:large, max-video-preview:-1\" \/>\n<link rel=\"canonical\" href=\"https:\/\/lizbecerra4council.com\/es\/community-commitment-serving-with-dedication\/\" \/>\n<meta property=\"og:locale\" content=\"es_MX\" \/>\n<meta property=\"og:type\" content=\"article\" \/>\n<meta property=\"og:title\" content=\"Community Commitment: Serving with Dedication - Elizabeth &quot;Liz&quot; Becerra\" \/>\n<meta property=\"og:description\" content=\"My number one priority will be to strengthen our public safety measures and support for our law enforcement.\" \/>\n<meta property=\"og:url\" content=\"https:\/\/lizbecerra4council.com\/es\/community-commitment-serving-with-dedication\/\" \/>\n<meta property=\"og:site_name\" content=\"Elizabeth &quot;Liz&quot; Becerra\" \/>\n<meta property=\"article:modified_time\" content=\"2024-08-15T21:44:13+00:00\" \/>\n<meta property=\"og:image\" content=\"https:\/\/lizbecerra4council.com\/wp-content\/uploads\/2024\/08\/background.webp\" \/>\n\t<meta property=\"og:image:width\" content=\"2000\" \/>\n\t<meta property=\"og:image:height\" content=\"1214\" \/>\n\t<meta property=\"og:image:type\" content=\"image\/webp\" \/>\n<meta name=\"twitter:card\" content=\"summary_large_image\" \/>\n<meta name=\"twitter:label1\" content=\"Tiempo de lectura\" \/>\n\t<meta name=\"twitter:data1\" content=\"2 minutos\" \/>\n<script type=\"application\/ld+json\" class=\"yoast-schema-graph\">{\"@context\":\"https:\/\/schema.org\",\"@graph\":[{\"@type\":\"WebPage\",\"@id\":\"https:\/\/lizbecerra4council.com\/community-commitment-serving-with-dedication\/\",\"url\":\"https:\/\/lizbecerra4council.com\/community-commitment-serving-with-dedication\/\",\"name\":\"Community Commitment: Serving with Dedication - Elizabeth &quot;Liz&quot; Becerra\",\"isPartOf\":{\"@id\":\"https:\/\/lizbecerra4council.com\/#website\"},\"primaryImageOfPage\":{\"@id\":\"https:\/\/lizbecerra4council.com\/community-commitment-serving-with-dedication\/#primaryimage\"},\"image\":{\"@id\":\"https:\/\/lizbecerra4council.com\/community-commitment-serving-with-dedication\/#primaryimage\"},\"thumbnailUrl\":\"https:\/\/lizbecerra4council.com\/wp-content\/uploads\/2024\/08\/background.webp\",\"datePublished\":\"2024-08-14T00:32:51+00:00\",\"dateModified\":\"2024-08-15T21:44:13+00:00\",\"breadcrumb\":{\"@id\":\"https:\/\/lizbecerra4council.com\/community-commitment-serving-with-dedication\/#breadcrumb\"},\"inLanguage\":\"es\",\"potentialAction\":[{\"@type\":\"ReadAction\",\"target\":[\"https:\/\/lizbecerra4council.com\/community-commitment-serving-with-dedication\/\"]}]},{\"@type\":\"ImageObject\",\"inLanguage\":\"es\",\"@id\":\"https:\/\/lizbecerra4council.com\/community-commitment-serving-with-dedication\/#primaryimage\",\"url\":\"https:\/\/lizbecerra4council.com\/wp-content\/uploads\/2024\/08\/background.webp\",\"contentUrl\":\"https:\/\/lizbecerra4council.com\/wp-content\/uploads\/2024\/08\/background.webp\",\"width\":2000,\"height\":1214},{\"@type\":\"BreadcrumbList\",\"@id\":\"https:\/\/lizbecerra4council.com\/community-commitment-serving-with-dedication\/#breadcrumb\",\"itemListElement\":[{\"@type\":\"ListItem\",\"position\":1,\"name\":\"Home\",\"item\":\"https:\/\/lizbecerra4council.com\/\"},{\"@type\":\"ListItem\",\"position\":2,\"name\":\"Community Commitment: Serving with Dedication\"}]},{\"@type\":\"WebSite\",\"@id\":\"https:\/\/lizbecerra4council.com\/#website\",\"url\":\"https:\/\/lizbecerra4council.com\/\",\"name\":\"Elizabeth &quot;Liz&quot; Becerra\",\"description\":\"District 3 | Victorville City Council\",\"publisher\":{\"@id\":\"https:\/\/lizbecerra4council.com\/#organization\"},\"potentialAction\":[{\"@type\":\"SearchAction\",\"target\":{\"@type\":\"EntryPoint\",\"urlTemplate\":\"https:\/\/lizbecerra4council.com\/?s={search_term_string}\"},\"query-input\":{\"@type\":\"PropertyValueSpecification\",\"valueRequired\":true,\"valueName\":\"search_term_string\"}}],\"inLanguage\":\"es\"},{\"@type\":\"Organization\",\"@id\":\"https:\/\/lizbecerra4council.com\/#organization\",\"name\":\"Elizabeth &quot;Liz&quot; Becerra\",\"url\":\"https:\/\/lizbecerra4council.com\/\",\"logo\":{\"@type\":\"ImageObject\",\"inLanguage\":\"es\",\"@id\":\"https:\/\/lizbecerra4council.com\/#\/schema\/logo\/image\/\",\"url\":\"https:\/\/lizbecerra4council.com\/wp-content\/uploads\/2024\/03\/Hor-Full.webp\",\"contentUrl\":\"https:\/\/lizbecerra4council.com\/wp-content\/uploads\/2024\/03\/Hor-Full.webp\",\"width\":1000,\"height\":500,\"caption\":\"Elizabeth &quot;Liz&quot; Becerra\"},\"image\":{\"@id\":\"https:\/\/lizbecerra4council.com\/#\/schema\/logo\/image\/\"}}]}<\/script>\n<!-- \/ Yoast SEO plugin. -->","yoast_head_json":{"title":"Community Commitment: Serving with Dedication - Elizabeth &quot;Liz&quot; Becerra","robots":{"index":"index","follow":"follow","max-snippet":"max-snippet:-1","max-image-preview":"max-image-preview:large","max-video-preview":"max-video-preview:-1"},"canonical":"https:\/\/lizbecerra4council.com\/es\/community-commitment-serving-with-dedication\/","og_locale":"es_MX","og_type":"article","og_title":"Community Commitment: Serving with Dedication - Elizabeth &quot;Liz&quot; Becerra","og_description":"My number one priority will be to strengthen our public safety measures and support for our law enforcement.","og_url":"https:\/\/lizbecerra4council.com\/es\/community-commitment-serving-with-dedication\/","og_site_name":"Elizabeth &quot;Liz&quot; Becerra","article_modified_time":"2024-08-15T21:44:13+00:00","og_image":[{"width":2000,"height":1214,"url":"https:\/\/lizbecerra4council.com\/wp-content\/uploads\/2024\/08\/background.webp","type":"image\/webp"}],"twitter_card":"summary_large_image","twitter_misc":{"Tiempo de lectura":"2 minutos"},"schema":{"@context":"https:\/\/schema.org","@graph":[{"@type":"WebPage","@id":"https:\/\/lizbecerra4council.com\/community-commitment-serving-with-dedication\/","url":"https:\/\/lizbecerra4council.com\/community-commitment-serving-with-dedication\/","name":"Community Commitment: Serving with Dedication - Elizabeth &quot;Liz&quot; Becerra","isPartOf":{"@id":"https:\/\/lizbecerra4council.com\/#website"},"primaryImageOfPage":{"@id":"https:\/\/lizbecerra4council.com\/community-commitment-serving-with-dedication\/#primaryimage"},"image":{"@id":"https:\/\/lizbecerra4council.com\/community-commitment-serving-with-dedication\/#primaryimage"},"thumbnailUrl":"https:\/\/lizbecerra4council.com\/wp-content\/uploads\/2024\/08\/background.webp","datePublished":"2024-08-14T00:32:51+00:00","dateModified":"2024-08-15T21:44:13+00:00","breadcrumb":{"@id":"https:\/\/lizbecerra4council.com\/community-commitment-serving-with-dedication\/#breadcrumb"},"inLanguage":"es","potentialAction":[{"@type":"ReadAction","target":["https:\/\/lizbecerra4council.com\/community-commitment-serving-with-dedication\/"]}]},{"@type":"ImageObject","inLanguage":"es","@id":"https:\/\/lizbecerra4council.com\/community-commitment-serving-with-dedication\/#primaryimage","url":"https:\/\/lizbecerra4council.com\/wp-content\/uploads\/2024\/08\/background.webp","contentUrl":"https:\/\/lizbecerra4council.com\/wp-content\/uploads\/2024\/08\/background.webp","width":2000,"height":1214},{"@type":"BreadcrumbList","@id":"https:\/\/lizbecerra4council.com\/community-commitment-serving-with-dedication\/#breadcrumb","itemListElement":[{"@type":"ListItem","position":1,"name":"Home","item":"https:\/\/lizbecerra4council.com\/"},{"@type":"ListItem","position":2,"name":"Community Commitment: Serving with Dedication"}]},{"@type":"WebSite","@id":"https:\/\/lizbecerra4council.com\/#website","url":"https:\/\/lizbecerra4council.com\/","name":"Elizabeth &quot;Liz&quot; Becerra","description":"District 3 | Victorville City Council","publisher":{"@id":"https:\/\/lizbecerra4council.com\/#organization"},"potentialAction":[{"@type":"SearchAction","target":{"@type":"EntryPoint","urlTemplate":"https:\/\/lizbecerra4council.com\/?s={search_term_string}"},"query-input":{"@type":"PropertyValueSpecification","valueRequired":true,"valueName":"search_term_string"}}],"inLanguage":"es"},{"@type":"Organization","@id":"https:\/\/lizbecerra4council.com\/#organization","name":"Elizabeth &quot;Liz&quot; Becerra","url":"https:\/\/lizbecerra4council.com\/","logo":{"@type":"ImageObject","inLanguage":"es","@id":"https:\/\/lizbecerra4council.com\/#\/schema\/logo\/image\/","url":"https:\/\/lizbecerra4council.com\/wp-content\/uploads\/2024\/03\/Hor-Full.webp","contentUrl":"https:\/\/lizbecerra4council.com\/wp-content\/uploads\/2024\/03\/Hor-Full.webp","width":1000,"height":500,"caption":"Elizabeth &quot;Liz&quot; Becerra"},"image":{"@id":"https:\/\/lizbecerra4council.com\/#\/schema\/logo\/image\/"}}]}},"_links":{"self":[{"href":"https:\/\/lizbecerra4council.com\/es\/wp-json\/wp\/v2\/pages\/7309","targetHints":{"allow":["GET"]}}],"collection":[{"href":"https:\/\/lizbecerra4council.com\/es\/wp-json\/wp\/v2\/pages"}],"about":[{"href":"https:\/\/lizbecerra4council.com\/es\/wp-json\/wp\/v2\/types\/page"}],"author":[{"embeddable":true,"href":"https:\/\/lizbecerra4council.com\/es\/wp-json\/wp\/v2\/users\/1"}],"replies":[{"embeddable":true,"href":"https:\/\/lizbecerra4council.com\/es\/wp-json\/wp\/v2\/comments?post=7309"}],"version-history":[{"count":25,"href":"https:\/\/lizbecerra4council.com\/es\/wp-json\/wp\/v2\/pages\/7309\/revisions"}],"predecessor-version":[{"id":8226,"href":"https:\/\/lizbecerra4council.com\/es\/wp-json\/wp\/v2\/pages\/7309\/revisions\/8226"}],"wp:featuredmedia":[{"embeddable":true,"href":"https:\/\/lizbecerra4council.com\/es\/wp-json\/wp\/v2\/media\/7781"}],"wp:attachment":[{"href":"https:\/\/lizbecerra4council.com\/es\/wp-json\/wp\/v2\/media?parent=7309"}],"wp:term":[{"taxonomy":"category","embeddable":true,"href":"https:\/\/lizbecerra4council.com\/es\/wp-json\/wp\/v2\/categories?post=7309"},{"taxonomy":"post_tag","embeddable":true,"href":"https:\/\/lizbecerra4council.com\/es\/wp-json\/wp\/v2\/tags?post=7309"}],"curies":[{"name":"wp","href":"https:\/\/api.w.org\/{rel}","templated":true}]}}