{"id":7190,"date":"2024-08-13T16:28:46","date_gmt":"2024-08-13T23:28:46","guid":{"rendered":"https:\/\/staging.ericnegretevictorville.com\/?page_id=7190"},"modified":"2024-08-19T07:29:02","modified_gmt":"2024-08-19T14:29:02","slug":"join-the-team","status":"publish","type":"page","link":"https:\/\/lizbecerra4council.com\/es\/join-the-team\/","title":{"rendered":"\u00danete al equipo"},"content":{"rendered":"<div data-elementor-type=\"wp-post\" data-elementor-id=\"7190\" class=\"elementor elementor-7190\" data-elementor-post-type=\"page\">\n\t\t\t\t\t\t<section class=\"elementor-section elementor-top-section elementor-element elementor-element-378af51 elementor-section-boxed elementor-section-height-default elementor-section-height-default\" data-id=\"378af51\" data-element_type=\"section\">\n\t\t\t\t\t\t<div class=\"elementor-container elementor-column-gap-default\">\n\t\t\t\t\t<div class=\"elementor-column elementor-col-100 elementor-top-column elementor-element elementor-element-114522c\" data-id=\"114522c\" data-element_type=\"column\">\n\t\t\t<div class=\"elementor-widget-wrap elementor-element-populated\">\n\t\t\t\t\t\t<div class=\"elementor-element elementor-element-477fae7 elementor-widget elementor-widget-heading\" data-id=\"477fae7\" data-element_type=\"widget\" data-widget_type=\"heading.default\">\n\t\t\t\t<div class=\"elementor-widget-container\">\n\t\t\t<h3 class=\"elementor-heading-title elementor-size-default\">C\u00f3mo participar: <\/h3>\t\t<\/div>\n\t\t\t\t<\/div>\n\t\t\t\t<div class=\"elementor-element elementor-element-b8de646 elementor-widget elementor-widget-text-editor\" data-id=\"b8de646\" data-element_type=\"widget\" data-widget_type=\"text-editor.default\">\n\t\t\t\t<div class=\"elementor-widget-container\">\n\t\t\t\t\t\t\t<p><span style=\"color: var( --e-global-color-text ); font-family: var( --e-global-typography-text-font-family ), Sans-serif; font-weight: var( --e-global-typography-text-font-weight ); text-align: var(--text-align); font-size: 1rem;\">\u00bfLe interesa unirse al equipo? Rellene el siguiente formulario de solicitud de voluntariado y nuestro coordinador de voluntarios se pondr\u00e1 en contacto con usted para darle m\u00e1s detalles. Cada granito de arena cuenta, y estamos encantados de tenerte a bordo mientras trabajamos juntos para construir un Victorville mejor.<\/span><\/p>\t\t\t\t\t\t<\/div>\n\t\t\t\t<\/div>\n\t\t\t\t\t<\/div>\n\t\t<\/div>\n\t\t\t\t\t<\/div>\n\t\t<\/section>\n\t\t\t\t<section class=\"elementor-section elementor-top-section elementor-element elementor-element-5950943 elementor-section-boxed elementor-section-height-default elementor-section-height-default\" data-id=\"5950943\" data-element_type=\"section\">\n\t\t\t\t\t\t<div class=\"elementor-container elementor-column-gap-default\">\n\t\t\t\t\t<div class=\"elementor-column elementor-col-100 elementor-top-column elementor-element elementor-element-f6ce7c3\" data-id=\"f6ce7c3\" data-element_type=\"column\">\n\t\t\t<div class=\"elementor-widget-wrap elementor-element-populated\">\n\t\t\t\t\t\t<div class=\"elementor-element elementor-element-d053516 elementor-button-align-stretch elementor-widget elementor-widget-form\" data-id=\"d053516\" data-element_type=\"widget\" data-settings=\"{&quot;step_next_label&quot;:&quot;Next&quot;,&quot;step_previous_label&quot;:&quot;Previous&quot;,&quot;button_width&quot;:&quot;100&quot;,&quot;step_type&quot;:&quot;number_text&quot;,&quot;step_icon_shape&quot;:&quot;circle&quot;}\" data-widget_type=\"form.default\">\n\t\t\t\t<div class=\"elementor-widget-container\">\n\t\t\t\t\t<form class=\"elementor-form\" method=\"post\" name=\"New Form\">\n\t\t\t<input type=\"hidden\" name=\"post_id\" value=\"7190\"\/>\n\t\t\t<input type=\"hidden\" name=\"form_id\" value=\"d053516\"\/>\n\t\t\t<input type=\"hidden\" name=\"referer_title\" value=\"Join the Team - Elizabeth &quot;Liz&quot; Becerra\" \/>\n\n\t\t\t\t\t\t\t<input type=\"hidden\" name=\"queried_id\" value=\"7190\"\/>\n\t\t\t\n\t\t\t<div class=\"elementor-form-fields-wrapper elementor-labels-above\">\n\t\t\t\t\t\t\t\t<div class=\"elementor-field-type-text elementor-field-group elementor-column elementor-field-group-name elementor-col-100 elementor-field-required elementor-mark-required\">\n\t\t\t\t\t\t\t\t\t\t\t\t<label for=\"form-field-name\" class=\"elementor-field-label\">\n\t\t\t\t\t\t\t\tNombre\t\t\t\t\t\t\t<\/label>\n\t\t\t\t\t\t\t\t\t\t\t\t\t\t<input size=\"1\" type=\"text\" name=\"form_fields[name]\" id=\"form-field-name\" class=\"elementor-field elementor-size-sm  elementor-field-textual\" placeholder=\"Nombre y apellidos\" required=\"required\" aria-required=\"true\">\n\t\t\t\t\t\t\t\t\t\t\t<\/div>\n\t\t\t\t\t\t\t\t<div class=\"elementor-field-type-email elementor-field-group elementor-column elementor-field-group-email elementor-col-100 elementor-field-required elementor-mark-required\">\n\t\t\t\t\t\t\t\t\t\t\t\t<label for=\"form-field-email\" class=\"elementor-field-label\">\n\t\t\t\t\t\t\t\tCorreo electr\u00f3nico\t\t\t\t\t\t\t<\/label>\n\t\t\t\t\t\t\t\t\t\t\t\t\t\t<input size=\"1\" type=\"email\" name=\"form_fields[email]\" id=\"form-field-email\" class=\"elementor-field elementor-size-sm  elementor-field-textual\" placeholder=\"Correo electr\u00f3nico\" required=\"required\" aria-required=\"true\">\n\t\t\t\t\t\t\t\t\t\t\t<\/div>\n\t\t\t\t\t\t\t\t<div class=\"elementor-field-type-tel elementor-field-group elementor-column elementor-field-group-field_75314d5 elementor-col-100 elementor-field-required elementor-mark-required\">\n\t\t\t\t\t\t\t\t\t\t\t\t<label for=\"form-field-field_75314d5\" class=\"elementor-field-label\">\n\t\t\t\t\t\t\t\tN\u00famero de tel\u00e9fono\t\t\t\t\t\t\t<\/label>\n\t\t\t\t\t\t\t\t<input size=\"1\" type=\"tel\" name=\"form_fields[field_75314d5]\" id=\"form-field-field_75314d5\" class=\"elementor-field elementor-size-sm  elementor-field-textual\" placeholder=\"(000) 000-0000\" required=\"required\" aria-required=\"true\" pattern=\"[0-9()#&amp;+*-=.]+\" title=\"S\u00f3lo se aceptan n\u00fameros y caracteres telef\u00f3nicos (#, -, *, etc).\" data-no-translation-title=\"\">\n\n\t\t\t\t\t\t<\/div>\n\t\t\t\t\t\t\t\t<div class=\"elementor-field-type-textarea elementor-field-group elementor-column elementor-field-group-message elementor-col-100\">\n\t\t\t\t\t\t\t\t\t\t\t\t<label for=\"form-field-message\" class=\"elementor-field-label\">\n\t\t\t\t\t\t\t\tMensaje\t\t\t\t\t\t\t<\/label>\n\t\t\t\t\t\t<textarea class=\"elementor-field-textual elementor-field  elementor-size-sm\" name=\"form_fields[message]\" id=\"form-field-message\" rows=\"4\" placeholder=\"\u00bfPor qu\u00e9 quiere ser voluntario?\"><\/textarea>\t\t\t\t<\/div>\n\t\t\t\t\t\t\t\t<div class=\"elementor-field-group elementor-column elementor-field-type-submit elementor-col-100 e-form__buttons\">\n\t\t\t\t\t<button class=\"elementor-button elementor-size-sm\" type=\"submit\">\n\t\t\t\t\t\t<span class=\"elementor-button-content-wrapper\">\n\t\t\t\t\t\t\t\t\t\t\t\t\t\t\t\t\t\t\t\t\t\t<span class=\"elementor-button-text\">Enviar<\/span>\n\t\t\t\t\t\t\t\t\t\t\t\t\t<\/span>\n\t\t\t\t\t<\/button>\n\t\t\t\t<\/div>\n\t\t\t<\/div>\n\t\t<input type=\"hidden\" name=\"trp-form-language\" value=\"es\"\/><\/form>\n\t\t\t\t<\/div>\n\t\t\t\t<\/div>\n\t\t\t\t\t<\/div>\n\t\t<\/div>\n\t\t\t\t\t<\/div>\n\t\t<\/section>\n\t\t\t\t<\/div>","protected":false},"excerpt":{"rendered":"<p>\u00bfQuieres marcar la diferencia? \u00danete a la campa\u00f1a de Eric Negrete y ayudar a dar forma al futuro de Victorville. Juntos, podemos construir el Victorville que todos imaginamos - enraizado en nuestra historia, listo para el ma\u00f1ana.<\/p>","protected":false},"author":1,"featured_media":7723,"parent":0,"menu_order":0,"comment_status":"closed","ping_status":"closed","template":"","meta":{"footnotes":""},"categories":[],"tags":[],"class_list":["post-7190","page","type-page","status-publish","has-post-thumbnail","hentry"],"yoast_head":"<!-- This site is optimized with the Yoast SEO plugin v23.7 - https:\/\/yoast.com\/wordpress\/plugins\/seo\/ -->\n<title>Join the Team - Elizabeth &quot;Liz&quot; Becerra<\/title>\n<meta name=\"robots\" content=\"index, follow, max-snippet:-1, max-image-preview:large, max-video-preview:-1\" \/>\n<link rel=\"canonical\" href=\"https:\/\/lizbecerra4council.com\/es\/join-the-team\/\" \/>\n<meta property=\"og:locale\" content=\"es_MX\" \/>\n<meta property=\"og:type\" content=\"article\" \/>\n<meta property=\"og:title\" content=\"Join the Team - Elizabeth &quot;Liz&quot; Becerra\" \/>\n<meta property=\"og:description\" content=\"Want to make a difference? Join Eric Negrete&#039;s campaign and help shape Victorville&#039;s future. Together, we can build the Victorville we all envision\u2014rooted in our history, ready for tomorrow.\" \/>\n<meta property=\"og:url\" content=\"https:\/\/lizbecerra4council.com\/es\/join-the-team\/\" \/>\n<meta property=\"og:site_name\" content=\"Elizabeth &quot;Liz&quot; Becerra\" \/>\n<meta property=\"article:modified_time\" content=\"2024-08-19T14:29:02+00:00\" \/>\n<meta property=\"og:image\" content=\"https:\/\/lizbecerra4council.com\/wp-content\/uploads\/2024\/08\/team.webp\" \/>\n\t<meta property=\"og:image:width\" content=\"1556\" \/>\n\t<meta property=\"og:image:height\" content=\"1007\" \/>\n\t<meta property=\"og:image:type\" content=\"image\/webp\" \/>\n<meta name=\"twitter:card\" content=\"summary_large_image\" \/>\n<meta name=\"twitter:label1\" content=\"Tiempo de lectura\" \/>\n\t<meta name=\"twitter:data1\" content=\"1 minuto\" \/>\n<script type=\"application\/ld+json\" class=\"yoast-schema-graph\">{\"@context\":\"https:\/\/schema.org\",\"@graph\":[{\"@type\":\"WebPage\",\"@id\":\"https:\/\/lizbecerra4council.com\/join-the-team\/\",\"url\":\"https:\/\/lizbecerra4council.com\/join-the-team\/\",\"name\":\"Join the Team - Elizabeth &quot;Liz&quot; Becerra\",\"isPartOf\":{\"@id\":\"https:\/\/lizbecerra4council.com\/#website\"},\"primaryImageOfPage\":{\"@id\":\"https:\/\/lizbecerra4council.com\/join-the-team\/#primaryimage\"},\"image\":{\"@id\":\"https:\/\/lizbecerra4council.com\/join-the-team\/#primaryimage\"},\"thumbnailUrl\":\"https:\/\/lizbecerra4council.com\/wp-content\/uploads\/2024\/08\/team.webp\",\"datePublished\":\"2024-08-13T23:28:46+00:00\",\"dateModified\":\"2024-08-19T14:29:02+00:00\",\"breadcrumb\":{\"@id\":\"https:\/\/lizbecerra4council.com\/join-the-team\/#breadcrumb\"},\"inLanguage\":\"es\",\"potentialAction\":[{\"@type\":\"ReadAction\",\"target\":[\"https:\/\/lizbecerra4council.com\/join-the-team\/\"]}]},{\"@type\":\"ImageObject\",\"inLanguage\":\"es\",\"@id\":\"https:\/\/lizbecerra4council.com\/join-the-team\/#primaryimage\",\"url\":\"https:\/\/lizbecerra4council.com\/wp-content\/uploads\/2024\/08\/team.webp\",\"contentUrl\":\"https:\/\/lizbecerra4council.com\/wp-content\/uploads\/2024\/08\/team.webp\",\"width\":1556,\"height\":1007},{\"@type\":\"BreadcrumbList\",\"@id\":\"https:\/\/lizbecerra4council.com\/join-the-team\/#breadcrumb\",\"itemListElement\":[{\"@type\":\"ListItem\",\"position\":1,\"name\":\"Home\",\"item\":\"https:\/\/lizbecerra4council.com\/\"},{\"@type\":\"ListItem\",\"position\":2,\"name\":\"Join the Team\"}]},{\"@type\":\"WebSite\",\"@id\":\"https:\/\/lizbecerra4council.com\/#website\",\"url\":\"https:\/\/lizbecerra4council.com\/\",\"name\":\"Elizabeth &quot;Liz&quot; Becerra\",\"description\":\"District 3 | Victorville City Council\",\"publisher\":{\"@id\":\"https:\/\/lizbecerra4council.com\/#organization\"},\"potentialAction\":[{\"@type\":\"SearchAction\",\"target\":{\"@type\":\"EntryPoint\",\"urlTemplate\":\"https:\/\/lizbecerra4council.com\/?s={search_term_string}\"},\"query-input\":{\"@type\":\"PropertyValueSpecification\",\"valueRequired\":true,\"valueName\":\"search_term_string\"}}],\"inLanguage\":\"es\"},{\"@type\":\"Organization\",\"@id\":\"https:\/\/lizbecerra4council.com\/#organization\",\"name\":\"Elizabeth &quot;Liz&quot; Becerra\",\"url\":\"https:\/\/lizbecerra4council.com\/\",\"logo\":{\"@type\":\"ImageObject\",\"inLanguage\":\"es\",\"@id\":\"https:\/\/lizbecerra4council.com\/#\/schema\/logo\/image\/\",\"url\":\"https:\/\/lizbecerra4council.com\/wp-content\/uploads\/2024\/03\/Hor-Full.webp\",\"contentUrl\":\"https:\/\/lizbecerra4council.com\/wp-content\/uploads\/2024\/03\/Hor-Full.webp\",\"width\":1000,\"height\":500,\"caption\":\"Elizabeth &quot;Liz&quot; Becerra\"},\"image\":{\"@id\":\"https:\/\/lizbecerra4council.com\/#\/schema\/logo\/image\/\"}}]}<\/script>\n<!-- \/ Yoast SEO plugin. -->","yoast_head_json":{"title":"Join the Team - Elizabeth &quot;Liz&quot; Becerra","robots":{"index":"index","follow":"follow","max-snippet":"max-snippet:-1","max-image-preview":"max-image-preview:large","max-video-preview":"max-video-preview:-1"},"canonical":"https:\/\/lizbecerra4council.com\/es\/join-the-team\/","og_locale":"es_MX","og_type":"article","og_title":"Join the Team - Elizabeth &quot;Liz&quot; Becerra","og_description":"Want to make a difference? Join Eric Negrete's campaign and help shape Victorville's future. Together, we can build the Victorville we all envision\u2014rooted in our history, ready for tomorrow.","og_url":"https:\/\/lizbecerra4council.com\/es\/join-the-team\/","og_site_name":"Elizabeth &quot;Liz&quot; Becerra","article_modified_time":"2024-08-19T14:29:02+00:00","og_image":[{"width":1556,"height":1007,"url":"https:\/\/lizbecerra4council.com\/wp-content\/uploads\/2024\/08\/team.webp","type":"image\/webp"}],"twitter_card":"summary_large_image","twitter_misc":{"Tiempo de lectura":"1 minuto"},"schema":{"@context":"https:\/\/schema.org","@graph":[{"@type":"WebPage","@id":"https:\/\/lizbecerra4council.com\/join-the-team\/","url":"https:\/\/lizbecerra4council.com\/join-the-team\/","name":"Join the Team - Elizabeth &quot;Liz&quot; Becerra","isPartOf":{"@id":"https:\/\/lizbecerra4council.com\/#website"},"primaryImageOfPage":{"@id":"https:\/\/lizbecerra4council.com\/join-the-team\/#primaryimage"},"image":{"@id":"https:\/\/lizbecerra4council.com\/join-the-team\/#primaryimage"},"thumbnailUrl":"https:\/\/lizbecerra4council.com\/wp-content\/uploads\/2024\/08\/team.webp","datePublished":"2024-08-13T23:28:46+00:00","dateModified":"2024-08-19T14:29:02+00:00","breadcrumb":{"@id":"https:\/\/lizbecerra4council.com\/join-the-team\/#breadcrumb"},"inLanguage":"es","potentialAction":[{"@type":"ReadAction","target":["https:\/\/lizbecerra4council.com\/join-the-team\/"]}]},{"@type":"ImageObject","inLanguage":"es","@id":"https:\/\/lizbecerra4council.com\/join-the-team\/#primaryimage","url":"https:\/\/lizbecerra4council.com\/wp-content\/uploads\/2024\/08\/team.webp","contentUrl":"https:\/\/lizbecerra4council.com\/wp-content\/uploads\/2024\/08\/team.webp","width":1556,"height":1007},{"@type":"BreadcrumbList","@id":"https:\/\/lizbecerra4council.com\/join-the-team\/#breadcrumb","itemListElement":[{"@type":"ListItem","position":1,"name":"Home","item":"https:\/\/lizbecerra4council.com\/"},{"@type":"ListItem","position":2,"name":"Join the Team"}]},{"@type":"WebSite","@id":"https:\/\/lizbecerra4council.com\/#website","url":"https:\/\/lizbecerra4council.com\/","name":"Elizabeth &quot;Liz&quot; Becerra","description":"District 3 | Victorville City Council","publisher":{"@id":"https:\/\/lizbecerra4council.com\/#organization"},"potentialAction":[{"@type":"SearchAction","target":{"@type":"EntryPoint","urlTemplate":"https:\/\/lizbecerra4council.com\/?s={search_term_string}"},"query-input":{"@type":"PropertyValueSpecification","valueRequired":true,"valueName":"search_term_string"}}],"inLanguage":"es"},{"@type":"Organization","@id":"https:\/\/lizbecerra4council.com\/#organization","name":"Elizabeth &quot;Liz&quot; Becerra","url":"https:\/\/lizbecerra4council.com\/","logo":{"@type":"ImageObject","inLanguage":"es","@id":"https:\/\/lizbecerra4council.com\/#\/schema\/logo\/image\/","url":"https:\/\/lizbecerra4council.com\/wp-content\/uploads\/2024\/03\/Hor-Full.webp","contentUrl":"https:\/\/lizbecerra4council.com\/wp-content\/uploads\/2024\/03\/Hor-Full.webp","width":1000,"height":500,"caption":"Elizabeth &quot;Liz&quot; Becerra"},"image":{"@id":"https:\/\/lizbecerra4council.com\/#\/schema\/logo\/image\/"}}]}},"_links":{"self":[{"href":"https:\/\/lizbecerra4council.com\/es\/wp-json\/wp\/v2\/pages\/7190","targetHints":{"allow":["GET"]}}],"collection":[{"href":"https:\/\/lizbecerra4council.com\/es\/wp-json\/wp\/v2\/pages"}],"about":[{"href":"https:\/\/lizbecerra4council.com\/es\/wp-json\/wp\/v2\/types\/page"}],"author":[{"embeddable":true,"href":"https:\/\/lizbecerra4council.com\/es\/wp-json\/wp\/v2\/users\/1"}],"replies":[{"embeddable":true,"href":"https:\/\/lizbecerra4council.com\/es\/wp-json\/wp\/v2\/comments?post=7190"}],"version-history":[{"count":18,"href":"https:\/\/lizbecerra4council.com\/es\/wp-json\/wp\/v2\/pages\/7190\/revisions"}],"predecessor-version":[{"id":8371,"href":"https:\/\/lizbecerra4council.com\/es\/wp-json\/wp\/v2\/pages\/7190\/revisions\/8371"}],"wp:featuredmedia":[{"embeddable":true,"href":"https:\/\/lizbecerra4council.com\/es\/wp-json\/wp\/v2\/media\/7723"}],"wp:attachment":[{"href":"https:\/\/lizbecerra4council.com\/es\/wp-json\/wp\/v2\/media?parent=7190"}],"wp:term":[{"taxonomy":"category","embeddable":true,"href":"https:\/\/lizbecerra4council.com\/es\/wp-json\/wp\/v2\/categories?post=7190"},{"taxonomy":"post_tag","embeddable":true,"href":"https:\/\/lizbecerra4council.com\/es\/wp-json\/wp\/v2\/tags?post=7190"}],"curies":[{"name":"wp","href":"https:\/\/api.w.org\/{rel}","templated":true}]}}