{"id":612,"date":"2024-03-07T03:11:04","date_gmt":"2024-03-07T11:11:04","guid":{"rendered":"https:\/\/themegavias.com\/wp\/potisen\/?page_id=612"},"modified":"2025-01-09T18:54:45","modified_gmt":"2025-01-10T02:54:45","slug":"about-liz","status":"publish","type":"page","link":"https:\/\/lizbecerra4council.com\/es\/about-liz\/","title":{"rendered":"Sobre Liz"},"content":{"rendered":"<div data-elementor-type=\"wp-post\" data-elementor-id=\"612\" class=\"elementor elementor-612\" data-elementor-post-type=\"page\">\n\t\t\t\t<div class=\"elementor-element elementor-element-17d7f4d e-flex e-con-boxed e-con e-parent\" data-id=\"17d7f4d\" data-element_type=\"container\" data-settings=\"{&quot;background_background&quot;:&quot;classic&quot;}\">\n\t\t\t\t\t<div class=\"e-con-inner\">\n\t\t<div class=\"elementor-element elementor-element-82890a9 e-con-full e-flex e-con e-child\" data-id=\"82890a9\" data-element_type=\"container\">\n\t\t\t\t<div class=\"elementor-element elementor-element-24cc7ce elementor-widget elementor-widget-heading\" data-id=\"24cc7ce\" data-element_type=\"widget\" data-widget_type=\"heading.default\">\n\t\t\t\t<div class=\"elementor-widget-container\">\n\t\t\t<h1 class=\"elementor-heading-title elementor-size-default\">Sobre Liz.<\/h1>\t\t<\/div>\n\t\t\t\t<\/div>\n\t\t\t\t<div class=\"elementor-element elementor-element-068fe92 elementor-widget elementor-widget-text-editor\" data-id=\"068fe92\" data-element_type=\"widget\" data-widget_type=\"text-editor.default\">\n\t\t\t\t<div class=\"elementor-widget-container\">\n\t\t\t\t\t\t\t<h1>La historia familiar de Liz Becerra en Victorville se remonta a la d\u00e9cada de 1920, cuando viv\u00edan en la calle E entre otras familias hispanas que se hab\u00edan trasladado a la zona. Creci\u00f3 jugando al baloncesto en los Victor Valley Jackrabbits y empez\u00f3 su primer trabajo a los 18 a\u00f1os en la antigua planta de Southwest Portland Cement, ahora Cemex, en la calle D.<\/h1>\t\t\t\t\t\t<\/div>\n\t\t\t\t<\/div>\n\t\t\t\t<div class=\"elementor-element elementor-element-bde7207 elementor-widget elementor-widget-text-editor\" data-id=\"bde7207\" data-element_type=\"widget\" data-widget_type=\"text-editor.default\">\n\t\t\t\t<div class=\"elementor-widget-container\">\n\t\t\t\t\t\t\t<h3>Poco despu\u00e9s, Liz comenz\u00f3 su carrera con la ciudad de Victorville en el departamento de obras p\u00fablicas, donde pasar\u00eda el resto de su carrera. Liz comenz\u00f3 como obrero de obras p\u00fablicas y, finalmente, progres\u00f3 hasta el rango de supervisor antes de su jubilaci\u00f3n. Su profundo amor por Victorville y pasi\u00f3n por el servicio a la comunidad la inspir\u00f3 a postularse para el Consejo de la Ciudad, donde ha tenido el honor de servir desde 2020.<\/h3><div><h5>Como miembro del consejo, Liz ha apoyado la aprobaci\u00f3n de la Medida P, que genera fondos para la seguridad p\u00fablica y las iniciativas de calidad de vida. Ella ha abogado por una nueva estaci\u00f3n de polic\u00eda y m\u00e1s diputados para hacer frente a las crecientes necesidades de la ciudad, y ella ha trabajado para traer mejores puestos de trabajo a Victorville mediante la colaboraci\u00f3n con las empresas y el apoyo a proyectos de alto salario de trabajo. Liz cree en servir a la comunidad asegurando que los residentes tengan voz en los asuntos de la ciudad y mejorando los servicios de la ciudad, incluyendo la ampliaci\u00f3n de los recursos de la biblioteca y la promoci\u00f3n del uso de veh\u00edculos el\u00e9ctricos.<\/h5><h5>Liz y su familia son miembros activos de la Iglesia Cat\u00f3lica de Santa Juana de Arco en Old Town Victorville, donde trabaja como voluntaria en la distribuci\u00f3n de alimentos patrocinada por la iglesia y en actividades ben\u00e9ficas. La carpinter\u00eda es su afici\u00f3n para aliviar el estr\u00e9s, y disfruta creando proyectos en su taller de carpinter\u00eda.<\/h5><h5>Liz cree en la construcci\u00f3n de un Victorville que refleja el orgullo y la dedicaci\u00f3n a la comunidad. \"De la comunidad, para la comunidad\" no es s\u00f3lo un eslogan; es su compromiso con usted.<\/h5><\/div>\t\t\t\t\t\t<\/div>\n\t\t\t\t<\/div>\n\t\t\t\t<\/div>\n\t\t\t\t\t<\/div>\n\t\t\t\t<\/div>\n\t\t\t\t<section class=\"elementor-section elementor-top-section elementor-element elementor-element-ee8388a elementor-section-boxed elementor-section-height-default elementor-section-height-default\" data-id=\"ee8388a\" data-element_type=\"section\">\n\t\t\t\t\t\t<div class=\"elementor-container elementor-column-gap-default\">\n\t\t\t\t\t<div class=\"elementor-column elementor-col-100 elementor-top-column elementor-element elementor-element-4a4ac8b\" data-id=\"4a4ac8b\" data-element_type=\"column\">\n\t\t\t<div class=\"elementor-widget-wrap\">\n\t\t\t\t\t\t\t<\/div>\n\t\t<\/div>\n\t\t\t\t\t<\/div>\n\t\t<\/section>\n\t\t\t\t<\/div>","protected":false},"excerpt":{"rendered":"<p>Liz Becerra est\u00e1 profundamente conectado a Victorville, con una fuerte dedicaci\u00f3n a hacer la ciudad m\u00e1s segura, m\u00e1s fuerte y m\u00e1s vibrante. Con experiencia en el Ayuntamiento y una pasi\u00f3n por el servicio, Eric es la elecci\u00f3n correcta para el Distrito 5.<\/p>","protected":false},"author":1,"featured_media":7866,"parent":0,"menu_order":0,"comment_status":"closed","ping_status":"closed","template":"","meta":{"footnotes":""},"categories":[],"tags":[],"class_list":["post-612","page","type-page","status-publish","has-post-thumbnail","hentry"],"yoast_head":"<!-- This site is optimized with the Yoast SEO plugin v23.7 - https:\/\/yoast.com\/wordpress\/plugins\/seo\/ -->\n<title>About Liz - Elizabeth &quot;Liz&quot; Becerra<\/title>\n<meta name=\"robots\" content=\"index, follow, max-snippet:-1, max-image-preview:large, max-video-preview:-1\" \/>\n<link rel=\"canonical\" href=\"https:\/\/lizbecerra4council.com\/es\/about-liz\/\" \/>\n<meta property=\"og:locale\" content=\"es_MX\" \/>\n<meta property=\"og:type\" content=\"article\" \/>\n<meta property=\"og:title\" content=\"About Liz - Elizabeth &quot;Liz&quot; Becerra\" \/>\n<meta property=\"og:description\" content=\"Liz Becerra is deeply connected to Victorville, with a strong dedication to making the city safer, stronger, and more vibrant. With experience on the City Council and a passion for service, Eric is the right choice for District 5.\" \/>\n<meta property=\"og:url\" content=\"https:\/\/lizbecerra4council.com\/es\/about-liz\/\" \/>\n<meta property=\"og:site_name\" content=\"Elizabeth &quot;Liz&quot; Becerra\" \/>\n<meta property=\"article:modified_time\" content=\"2025-01-10T02:54:45+00:00\" \/>\n<meta property=\"og:image\" content=\"https:\/\/lizbecerra4council.com\/wp-content\/uploads\/2024\/08\/red-studio.webp\" \/>\n\t<meta property=\"og:image:width\" content=\"1500\" \/>\n\t<meta property=\"og:image:height\" content=\"1000\" \/>\n\t<meta property=\"og:image:type\" content=\"image\/webp\" \/>\n<meta name=\"twitter:card\" content=\"summary_large_image\" \/>\n<meta name=\"twitter:label1\" content=\"Tiempo de lectura\" \/>\n\t<meta name=\"twitter:data1\" content=\"2 minutos\" \/>\n<script type=\"application\/ld+json\" class=\"yoast-schema-graph\">{\"@context\":\"https:\/\/schema.org\",\"@graph\":[{\"@type\":\"WebPage\",\"@id\":\"https:\/\/lizbecerra4council.com\/about-liz\/\",\"url\":\"https:\/\/lizbecerra4council.com\/about-liz\/\",\"name\":\"About Liz - Elizabeth &quot;Liz&quot; Becerra\",\"isPartOf\":{\"@id\":\"https:\/\/lizbecerra4council.com\/#website\"},\"primaryImageOfPage\":{\"@id\":\"https:\/\/lizbecerra4council.com\/about-liz\/#primaryimage\"},\"image\":{\"@id\":\"https:\/\/lizbecerra4council.com\/about-liz\/#primaryimage\"},\"thumbnailUrl\":\"https:\/\/lizbecerra4council.com\/wp-content\/uploads\/2024\/08\/red-studio.webp\",\"datePublished\":\"2024-03-07T11:11:04+00:00\",\"dateModified\":\"2025-01-10T02:54:45+00:00\",\"breadcrumb\":{\"@id\":\"https:\/\/lizbecerra4council.com\/about-liz\/#breadcrumb\"},\"inLanguage\":\"es\",\"potentialAction\":[{\"@type\":\"ReadAction\",\"target\":[\"https:\/\/lizbecerra4council.com\/about-liz\/\"]}]},{\"@type\":\"ImageObject\",\"inLanguage\":\"es\",\"@id\":\"https:\/\/lizbecerra4council.com\/about-liz\/#primaryimage\",\"url\":\"https:\/\/lizbecerra4council.com\/wp-content\/uploads\/2024\/08\/red-studio.webp\",\"contentUrl\":\"https:\/\/lizbecerra4council.com\/wp-content\/uploads\/2024\/08\/red-studio.webp\",\"width\":1500,\"height\":1000},{\"@type\":\"BreadcrumbList\",\"@id\":\"https:\/\/lizbecerra4council.com\/about-liz\/#breadcrumb\",\"itemListElement\":[{\"@type\":\"ListItem\",\"position\":1,\"name\":\"Home\",\"item\":\"https:\/\/lizbecerra4council.com\/\"},{\"@type\":\"ListItem\",\"position\":2,\"name\":\"About Liz\"}]},{\"@type\":\"WebSite\",\"@id\":\"https:\/\/lizbecerra4council.com\/#website\",\"url\":\"https:\/\/lizbecerra4council.com\/\",\"name\":\"Elizabeth &quot;Liz&quot; Becerra\",\"description\":\"District 3 | Victorville City Council\",\"publisher\":{\"@id\":\"https:\/\/lizbecerra4council.com\/#organization\"},\"potentialAction\":[{\"@type\":\"SearchAction\",\"target\":{\"@type\":\"EntryPoint\",\"urlTemplate\":\"https:\/\/lizbecerra4council.com\/?s={search_term_string}\"},\"query-input\":{\"@type\":\"PropertyValueSpecification\",\"valueRequired\":true,\"valueName\":\"search_term_string\"}}],\"inLanguage\":\"es\"},{\"@type\":\"Organization\",\"@id\":\"https:\/\/lizbecerra4council.com\/#organization\",\"name\":\"Elizabeth &quot;Liz&quot; Becerra\",\"url\":\"https:\/\/lizbecerra4council.com\/\",\"logo\":{\"@type\":\"ImageObject\",\"inLanguage\":\"es\",\"@id\":\"https:\/\/lizbecerra4council.com\/#\/schema\/logo\/image\/\",\"url\":\"https:\/\/lizbecerra4council.com\/wp-content\/uploads\/2024\/03\/Hor-Full.webp\",\"contentUrl\":\"https:\/\/lizbecerra4council.com\/wp-content\/uploads\/2024\/03\/Hor-Full.webp\",\"width\":1000,\"height\":500,\"caption\":\"Elizabeth &quot;Liz&quot; Becerra\"},\"image\":{\"@id\":\"https:\/\/lizbecerra4council.com\/#\/schema\/logo\/image\/\"}}]}<\/script>\n<!-- \/ Yoast SEO plugin. -->","yoast_head_json":{"title":"About Liz - Elizabeth &quot;Liz&quot; Becerra","robots":{"index":"index","follow":"follow","max-snippet":"max-snippet:-1","max-image-preview":"max-image-preview:large","max-video-preview":"max-video-preview:-1"},"canonical":"https:\/\/lizbecerra4council.com\/es\/about-liz\/","og_locale":"es_MX","og_type":"article","og_title":"About Liz - Elizabeth &quot;Liz&quot; Becerra","og_description":"Liz Becerra is deeply connected to Victorville, with a strong dedication to making the city safer, stronger, and more vibrant. With experience on the City Council and a passion for service, Eric is the right choice for District 5.","og_url":"https:\/\/lizbecerra4council.com\/es\/about-liz\/","og_site_name":"Elizabeth &quot;Liz&quot; Becerra","article_modified_time":"2025-01-10T02:54:45+00:00","og_image":[{"width":1500,"height":1000,"url":"https:\/\/lizbecerra4council.com\/wp-content\/uploads\/2024\/08\/red-studio.webp","type":"image\/webp"}],"twitter_card":"summary_large_image","twitter_misc":{"Tiempo de lectura":"2 minutos"},"schema":{"@context":"https:\/\/schema.org","@graph":[{"@type":"WebPage","@id":"https:\/\/lizbecerra4council.com\/about-liz\/","url":"https:\/\/lizbecerra4council.com\/about-liz\/","name":"About Liz - Elizabeth &quot;Liz&quot; Becerra","isPartOf":{"@id":"https:\/\/lizbecerra4council.com\/#website"},"primaryImageOfPage":{"@id":"https:\/\/lizbecerra4council.com\/about-liz\/#primaryimage"},"image":{"@id":"https:\/\/lizbecerra4council.com\/about-liz\/#primaryimage"},"thumbnailUrl":"https:\/\/lizbecerra4council.com\/wp-content\/uploads\/2024\/08\/red-studio.webp","datePublished":"2024-03-07T11:11:04+00:00","dateModified":"2025-01-10T02:54:45+00:00","breadcrumb":{"@id":"https:\/\/lizbecerra4council.com\/about-liz\/#breadcrumb"},"inLanguage":"es","potentialAction":[{"@type":"ReadAction","target":["https:\/\/lizbecerra4council.com\/about-liz\/"]}]},{"@type":"ImageObject","inLanguage":"es","@id":"https:\/\/lizbecerra4council.com\/about-liz\/#primaryimage","url":"https:\/\/lizbecerra4council.com\/wp-content\/uploads\/2024\/08\/red-studio.webp","contentUrl":"https:\/\/lizbecerra4council.com\/wp-content\/uploads\/2024\/08\/red-studio.webp","width":1500,"height":1000},{"@type":"BreadcrumbList","@id":"https:\/\/lizbecerra4council.com\/about-liz\/#breadcrumb","itemListElement":[{"@type":"ListItem","position":1,"name":"Home","item":"https:\/\/lizbecerra4council.com\/"},{"@type":"ListItem","position":2,"name":"About Liz"}]},{"@type":"WebSite","@id":"https:\/\/lizbecerra4council.com\/#website","url":"https:\/\/lizbecerra4council.com\/","name":"Elizabeth &quot;Liz&quot; Becerra","description":"District 3 | Victorville City Council","publisher":{"@id":"https:\/\/lizbecerra4council.com\/#organization"},"potentialAction":[{"@type":"SearchAction","target":{"@type":"EntryPoint","urlTemplate":"https:\/\/lizbecerra4council.com\/?s={search_term_string}"},"query-input":{"@type":"PropertyValueSpecification","valueRequired":true,"valueName":"search_term_string"}}],"inLanguage":"es"},{"@type":"Organization","@id":"https:\/\/lizbecerra4council.com\/#organization","name":"Elizabeth &quot;Liz&quot; Becerra","url":"https:\/\/lizbecerra4council.com\/","logo":{"@type":"ImageObject","inLanguage":"es","@id":"https:\/\/lizbecerra4council.com\/#\/schema\/logo\/image\/","url":"https:\/\/lizbecerra4council.com\/wp-content\/uploads\/2024\/03\/Hor-Full.webp","contentUrl":"https:\/\/lizbecerra4council.com\/wp-content\/uploads\/2024\/03\/Hor-Full.webp","width":1000,"height":500,"caption":"Elizabeth &quot;Liz&quot; Becerra"},"image":{"@id":"https:\/\/lizbecerra4council.com\/#\/schema\/logo\/image\/"}}]}},"_links":{"self":[{"href":"https:\/\/lizbecerra4council.com\/es\/wp-json\/wp\/v2\/pages\/612","targetHints":{"allow":["GET"]}}],"collection":[{"href":"https:\/\/lizbecerra4council.com\/es\/wp-json\/wp\/v2\/pages"}],"about":[{"href":"https:\/\/lizbecerra4council.com\/es\/wp-json\/wp\/v2\/types\/page"}],"author":[{"embeddable":true,"href":"https:\/\/lizbecerra4council.com\/es\/wp-json\/wp\/v2\/users\/1"}],"replies":[{"embeddable":true,"href":"https:\/\/lizbecerra4council.com\/es\/wp-json\/wp\/v2\/comments?post=612"}],"version-history":[{"count":55,"href":"https:\/\/lizbecerra4council.com\/es\/wp-json\/wp\/v2\/pages\/612\/revisions"}],"predecessor-version":[{"id":8450,"href":"https:\/\/lizbecerra4council.com\/es\/wp-json\/wp\/v2\/pages\/612\/revisions\/8450"}],"wp:featuredmedia":[{"embeddable":true,"href":"https:\/\/lizbecerra4council.com\/es\/wp-json\/wp\/v2\/media\/7866"}],"wp:attachment":[{"href":"https:\/\/lizbecerra4council.com\/es\/wp-json\/wp\/v2\/media?parent=612"}],"wp:term":[{"taxonomy":"category","embeddable":true,"href":"https:\/\/lizbecerra4council.com\/es\/wp-json\/wp\/v2\/categories?post=612"},{"taxonomy":"post_tag","embeddable":true,"href":"https:\/\/lizbecerra4council.com\/es\/wp-json\/wp\/v2\/tags?post=612"}],"curies":[{"name":"wp","href":"https:\/\/api.w.org\/{rel}","templated":true}]}}