{"id":5467,"date":"2024-06-14T01:41:36","date_gmt":"2024-06-14T08:41:36","guid":{"rendered":"https:\/\/themegavias.com\/wp\/potisen\/?page_id=5467"},"modified":"2024-08-18T10:35:42","modified_gmt":"2024-08-18T17:35:42","slug":"donate","status":"publish","type":"page","link":"https:\/\/lizbecerra4council.com\/es\/donate\/","title":{"rendered":"Donar"},"content":{"rendered":"<div data-elementor-type=\"wp-post\" data-elementor-id=\"5467\" class=\"elementor elementor-5467\" data-elementor-post-type=\"page\">\n\t\t\t\t\t\t<section class=\"elementor-section elementor-top-section elementor-element elementor-element-378af51 elementor-section-boxed elementor-section-height-default elementor-section-height-default\" data-id=\"378af51\" data-element_type=\"section\">\n\t\t\t\t\t\t<div class=\"elementor-container elementor-column-gap-default\">\n\t\t\t\t\t<div class=\"elementor-column elementor-col-100 elementor-top-column elementor-element elementor-element-114522c\" data-id=\"114522c\" data-element_type=\"column\">\n\t\t\t<div class=\"elementor-widget-wrap elementor-element-populated\">\n\t\t\t\t\t\t<div class=\"elementor-element elementor-element-9f5e2fa elementor-widget elementor-widget-heading\" data-id=\"9f5e2fa\" data-element_type=\"widget\" data-widget_type=\"heading.default\">\n\t\t\t\t<div class=\"elementor-widget-container\">\n\t\t\t<h1 class=\"elementor-heading-title elementor-size-default\">Dona.<\/h1>\t\t<\/div>\n\t\t\t\t<\/div>\n\t\t\t\t<div class=\"elementor-element elementor-element-982d487 elementor-widget elementor-widget-text-editor\" data-id=\"982d487\" data-element_type=\"widget\" data-widget_type=\"text-editor.default\">\n\t\t\t\t<div class=\"elementor-widget-container\">\n\t\t\t\t\t\t\t<h3>Sus contribuciones son esenciales para nuestro \u00e9xito.\u00a0\u00a0<\/h3><p>Cada donaci\u00f3n, grande o peque\u00f1a, nos ayuda a hacer realidad nuestra visi\u00f3n de Victorville. Done hoy para apoyar un Victorville m\u00e1s seguro, m\u00e1s fuerte y m\u00e1s vibrante.<\/p>\t\t\t\t\t\t<\/div>\n\t\t\t\t<\/div>\n\t\t\t\t\t<\/div>\n\t\t<\/div>\n\t\t\t\t\t<\/div>\n\t\t<\/section>\n\t\t\t\t<section class=\"elementor-section elementor-top-section elementor-element elementor-element-5950943 elementor-section-boxed elementor-section-height-default elementor-section-height-default\" data-id=\"5950943\" data-element_type=\"section\">\n\t\t\t\t\t\t<div class=\"elementor-container elementor-column-gap-default\">\n\t\t\t\t\t<div class=\"elementor-column elementor-col-100 elementor-top-column elementor-element elementor-element-f6ce7c3\" data-id=\"f6ce7c3\" data-element_type=\"column\">\n\t\t\t<div class=\"elementor-widget-wrap elementor-element-populated\">\n\t\t\t\t\t\t<div class=\"elementor-element elementor-element-ff99adb elementor-align-justify elementor-widget elementor-widget-button\" data-id=\"ff99adb\" data-element_type=\"widget\" data-widget_type=\"button.default\">\n\t\t\t\t<div class=\"elementor-widget-container\">\n\t\t\t\t\t<div class=\"elementor-button-wrapper\">\n\t\t\t<a class=\"elementor-button elementor-button-link elementor-size-sm\" href=\"https:\/\/secure.anedot.com\/Lizbecerra4council\/donate\" target=\"_blank\">\n\t\t\t\t\t\t<span class=\"elementor-button-content-wrapper\">\n\t\t\t\t\t\t\t\t\t<span class=\"elementor-button-text\">Haga clic aqu\u00ed para donar<\/span>\n\t\t\t\t\t<\/span>\n\t\t\t\t\t<\/a>\n\t\t<\/div>\n\t\t\t\t<\/div>\n\t\t\t\t<\/div>\n\t\t\t\t\t<\/div>\n\t\t<\/div>\n\t\t\t\t\t<\/div>\n\t\t<\/section>\n\t\t\t\t<\/div>","protected":false},"excerpt":{"rendered":"<p>Su donaci\u00f3n nos ayuda a construir un Victorville m\u00e1s seguro, m\u00e1s fuerte y m\u00e1s vibrante. Cada contribuci\u00f3n nos acerca a hacer un impacto duradero en nuestra comunidad. \u00a1Gracias por su apoyo!<\/p>","protected":false},"author":1,"featured_media":8342,"parent":0,"menu_order":0,"comment_status":"closed","ping_status":"closed","template":"","meta":{"footnotes":""},"categories":[],"tags":[],"class_list":["post-5467","page","type-page","status-publish","has-post-thumbnail","hentry"],"yoast_head":"<!-- This site is optimized with the Yoast SEO plugin v23.7 - https:\/\/yoast.com\/wordpress\/plugins\/seo\/ -->\n<title>Donate - Elizabeth &quot;Liz&quot; Becerra<\/title>\n<meta name=\"robots\" content=\"index, follow, max-snippet:-1, max-image-preview:large, max-video-preview:-1\" \/>\n<link rel=\"canonical\" href=\"https:\/\/lizbecerra4council.com\/es\/donate\/\" \/>\n<meta property=\"og:locale\" content=\"es_MX\" \/>\n<meta property=\"og:type\" content=\"article\" \/>\n<meta property=\"og:title\" content=\"Donate - Elizabeth &quot;Liz&quot; Becerra\" \/>\n<meta property=\"og:description\" content=\"Your donation helps us build a safer, stronger, and more vibrant Victorville. Every contribution brings us closer to making a lasting impact in our community. Thank you for your support!\" \/>\n<meta property=\"og:url\" content=\"https:\/\/lizbecerra4council.com\/es\/donate\/\" \/>\n<meta property=\"og:site_name\" content=\"Elizabeth &quot;Liz&quot; Becerra\" \/>\n<meta property=\"article:modified_time\" content=\"2024-08-18T17:35:42+00:00\" \/>\n<meta property=\"og:image\" content=\"https:\/\/lizbecerra4council.com\/wp-content\/uploads\/2024\/08\/donations.webp\" \/>\n\t<meta property=\"og:image:width\" content=\"1666\" \/>\n\t<meta property=\"og:image:height\" content=\"702\" \/>\n\t<meta property=\"og:image:type\" content=\"image\/webp\" \/>\n<meta name=\"twitter:card\" content=\"summary_large_image\" \/>\n<meta name=\"twitter:label1\" content=\"Tiempo de lectura\" \/>\n\t<meta name=\"twitter:data1\" content=\"1 minuto\" \/>\n<script type=\"application\/ld+json\" class=\"yoast-schema-graph\">{\"@context\":\"https:\/\/schema.org\",\"@graph\":[{\"@type\":\"WebPage\",\"@id\":\"https:\/\/lizbecerra4council.com\/donate\/\",\"url\":\"https:\/\/lizbecerra4council.com\/donate\/\",\"name\":\"Donate - Elizabeth &quot;Liz&quot; Becerra\",\"isPartOf\":{\"@id\":\"https:\/\/lizbecerra4council.com\/#website\"},\"primaryImageOfPage\":{\"@id\":\"https:\/\/lizbecerra4council.com\/donate\/#primaryimage\"},\"image\":{\"@id\":\"https:\/\/lizbecerra4council.com\/donate\/#primaryimage\"},\"thumbnailUrl\":\"https:\/\/lizbecerra4council.com\/wp-content\/uploads\/2024\/08\/donations.webp\",\"datePublished\":\"2024-06-14T08:41:36+00:00\",\"dateModified\":\"2024-08-18T17:35:42+00:00\",\"breadcrumb\":{\"@id\":\"https:\/\/lizbecerra4council.com\/donate\/#breadcrumb\"},\"inLanguage\":\"es\",\"potentialAction\":[{\"@type\":\"ReadAction\",\"target\":[\"https:\/\/lizbecerra4council.com\/donate\/\"]}]},{\"@type\":\"ImageObject\",\"inLanguage\":\"es\",\"@id\":\"https:\/\/lizbecerra4council.com\/donate\/#primaryimage\",\"url\":\"https:\/\/lizbecerra4council.com\/wp-content\/uploads\/2024\/08\/donations.webp\",\"contentUrl\":\"https:\/\/lizbecerra4council.com\/wp-content\/uploads\/2024\/08\/donations.webp\",\"width\":1666,\"height\":702},{\"@type\":\"BreadcrumbList\",\"@id\":\"https:\/\/lizbecerra4council.com\/donate\/#breadcrumb\",\"itemListElement\":[{\"@type\":\"ListItem\",\"position\":1,\"name\":\"Home\",\"item\":\"https:\/\/lizbecerra4council.com\/\"},{\"@type\":\"ListItem\",\"position\":2,\"name\":\"Donate\"}]},{\"@type\":\"WebSite\",\"@id\":\"https:\/\/lizbecerra4council.com\/#website\",\"url\":\"https:\/\/lizbecerra4council.com\/\",\"name\":\"Elizabeth &quot;Liz&quot; Becerra\",\"description\":\"District 3 | Victorville City Council\",\"publisher\":{\"@id\":\"https:\/\/lizbecerra4council.com\/#organization\"},\"potentialAction\":[{\"@type\":\"SearchAction\",\"target\":{\"@type\":\"EntryPoint\",\"urlTemplate\":\"https:\/\/lizbecerra4council.com\/?s={search_term_string}\"},\"query-input\":{\"@type\":\"PropertyValueSpecification\",\"valueRequired\":true,\"valueName\":\"search_term_string\"}}],\"inLanguage\":\"es\"},{\"@type\":\"Organization\",\"@id\":\"https:\/\/lizbecerra4council.com\/#organization\",\"name\":\"Elizabeth &quot;Liz&quot; Becerra\",\"url\":\"https:\/\/lizbecerra4council.com\/\",\"logo\":{\"@type\":\"ImageObject\",\"inLanguage\":\"es\",\"@id\":\"https:\/\/lizbecerra4council.com\/#\/schema\/logo\/image\/\",\"url\":\"https:\/\/lizbecerra4council.com\/wp-content\/uploads\/2024\/03\/Hor-Full.webp\",\"contentUrl\":\"https:\/\/lizbecerra4council.com\/wp-content\/uploads\/2024\/03\/Hor-Full.webp\",\"width\":1000,\"height\":500,\"caption\":\"Elizabeth &quot;Liz&quot; Becerra\"},\"image\":{\"@id\":\"https:\/\/lizbecerra4council.com\/#\/schema\/logo\/image\/\"}}]}<\/script>\n<!-- \/ Yoast SEO plugin. -->","yoast_head_json":{"title":"Donate - Elizabeth &quot;Liz&quot; Becerra","robots":{"index":"index","follow":"follow","max-snippet":"max-snippet:-1","max-image-preview":"max-image-preview:large","max-video-preview":"max-video-preview:-1"},"canonical":"https:\/\/lizbecerra4council.com\/es\/donate\/","og_locale":"es_MX","og_type":"article","og_title":"Donate - Elizabeth &quot;Liz&quot; Becerra","og_description":"Your donation helps us build a safer, stronger, and more vibrant Victorville. Every contribution brings us closer to making a lasting impact in our community. Thank you for your support!","og_url":"https:\/\/lizbecerra4council.com\/es\/donate\/","og_site_name":"Elizabeth &quot;Liz&quot; Becerra","article_modified_time":"2024-08-18T17:35:42+00:00","og_image":[{"width":1666,"height":702,"url":"https:\/\/lizbecerra4council.com\/wp-content\/uploads\/2024\/08\/donations.webp","type":"image\/webp"}],"twitter_card":"summary_large_image","twitter_misc":{"Tiempo de lectura":"1 minuto"},"schema":{"@context":"https:\/\/schema.org","@graph":[{"@type":"WebPage","@id":"https:\/\/lizbecerra4council.com\/donate\/","url":"https:\/\/lizbecerra4council.com\/donate\/","name":"Donate - Elizabeth &quot;Liz&quot; Becerra","isPartOf":{"@id":"https:\/\/lizbecerra4council.com\/#website"},"primaryImageOfPage":{"@id":"https:\/\/lizbecerra4council.com\/donate\/#primaryimage"},"image":{"@id":"https:\/\/lizbecerra4council.com\/donate\/#primaryimage"},"thumbnailUrl":"https:\/\/lizbecerra4council.com\/wp-content\/uploads\/2024\/08\/donations.webp","datePublished":"2024-06-14T08:41:36+00:00","dateModified":"2024-08-18T17:35:42+00:00","breadcrumb":{"@id":"https:\/\/lizbecerra4council.com\/donate\/#breadcrumb"},"inLanguage":"es","potentialAction":[{"@type":"ReadAction","target":["https:\/\/lizbecerra4council.com\/donate\/"]}]},{"@type":"ImageObject","inLanguage":"es","@id":"https:\/\/lizbecerra4council.com\/donate\/#primaryimage","url":"https:\/\/lizbecerra4council.com\/wp-content\/uploads\/2024\/08\/donations.webp","contentUrl":"https:\/\/lizbecerra4council.com\/wp-content\/uploads\/2024\/08\/donations.webp","width":1666,"height":702},{"@type":"BreadcrumbList","@id":"https:\/\/lizbecerra4council.com\/donate\/#breadcrumb","itemListElement":[{"@type":"ListItem","position":1,"name":"Home","item":"https:\/\/lizbecerra4council.com\/"},{"@type":"ListItem","position":2,"name":"Donate"}]},{"@type":"WebSite","@id":"https:\/\/lizbecerra4council.com\/#website","url":"https:\/\/lizbecerra4council.com\/","name":"Elizabeth &quot;Liz&quot; Becerra","description":"District 3 | Victorville City Council","publisher":{"@id":"https:\/\/lizbecerra4council.com\/#organization"},"potentialAction":[{"@type":"SearchAction","target":{"@type":"EntryPoint","urlTemplate":"https:\/\/lizbecerra4council.com\/?s={search_term_string}"},"query-input":{"@type":"PropertyValueSpecification","valueRequired":true,"valueName":"search_term_string"}}],"inLanguage":"es"},{"@type":"Organization","@id":"https:\/\/lizbecerra4council.com\/#organization","name":"Elizabeth &quot;Liz&quot; Becerra","url":"https:\/\/lizbecerra4council.com\/","logo":{"@type":"ImageObject","inLanguage":"es","@id":"https:\/\/lizbecerra4council.com\/#\/schema\/logo\/image\/","url":"https:\/\/lizbecerra4council.com\/wp-content\/uploads\/2024\/03\/Hor-Full.webp","contentUrl":"https:\/\/lizbecerra4council.com\/wp-content\/uploads\/2024\/03\/Hor-Full.webp","width":1000,"height":500,"caption":"Elizabeth &quot;Liz&quot; Becerra"},"image":{"@id":"https:\/\/lizbecerra4council.com\/#\/schema\/logo\/image\/"}}]}},"_links":{"self":[{"href":"https:\/\/lizbecerra4council.com\/es\/wp-json\/wp\/v2\/pages\/5467","targetHints":{"allow":["GET"]}}],"collection":[{"href":"https:\/\/lizbecerra4council.com\/es\/wp-json\/wp\/v2\/pages"}],"about":[{"href":"https:\/\/lizbecerra4council.com\/es\/wp-json\/wp\/v2\/types\/page"}],"author":[{"embeddable":true,"href":"https:\/\/lizbecerra4council.com\/es\/wp-json\/wp\/v2\/users\/1"}],"replies":[{"embeddable":true,"href":"https:\/\/lizbecerra4council.com\/es\/wp-json\/wp\/v2\/comments?post=5467"}],"version-history":[{"count":29,"href":"https:\/\/lizbecerra4council.com\/es\/wp-json\/wp\/v2\/pages\/5467\/revisions"}],"predecessor-version":[{"id":8062,"href":"https:\/\/lizbecerra4council.com\/es\/wp-json\/wp\/v2\/pages\/5467\/revisions\/8062"}],"wp:featuredmedia":[{"embeddable":true,"href":"https:\/\/lizbecerra4council.com\/es\/wp-json\/wp\/v2\/media\/8342"}],"wp:attachment":[{"href":"https:\/\/lizbecerra4council.com\/es\/wp-json\/wp\/v2\/media?parent=5467"}],"wp:term":[{"taxonomy":"category","embeddable":true,"href":"https:\/\/lizbecerra4council.com\/es\/wp-json\/wp\/v2\/categories?post=5467"},{"taxonomy":"post_tag","embeddable":true,"href":"https:\/\/lizbecerra4council.com\/es\/wp-json\/wp\/v2\/tags?post=5467"}],"curies":[{"name":"wp","href":"https:\/\/api.w.org\/{rel}","templated":true}]}}