{"id":506,"date":"2024-03-04T02:30:30","date_gmt":"2024-03-04T10:30:30","guid":{"rendered":"https:\/\/themegavias.com\/wp\/potisen\/?page_id=506"},"modified":"2024-08-14T20:41:37","modified_gmt":"2024-08-15T03:41:37","slug":"news","status":"publish","type":"page","link":"https:\/\/lizbecerra4council.com\/es\/news\/","title":{"rendered":"Noticias"},"content":{"rendered":"<div data-elementor-type=\"wp-post\" data-elementor-id=\"506\" class=\"elementor elementor-506\" data-elementor-post-type=\"page\">\n\t\t\t\t<div class=\"elementor-element elementor-element-259c0cc e-flex e-con-boxed e-con e-parent\" data-id=\"259c0cc\" data-element_type=\"container\" data-settings=\"{&quot;background_background&quot;:&quot;classic&quot;}\">\n\t\t\t\t\t<div class=\"e-con-inner\">\n\t\t<div class=\"elementor-element elementor-element-0b4d6cd e-con-full e-flex e-con e-child\" data-id=\"0b4d6cd\" data-element_type=\"container\">\n\t\t\t\t<div class=\"elementor-element elementor-element-07b4005 elementor-widget elementor-widget-heading\" data-id=\"07b4005\" data-element_type=\"widget\" data-widget_type=\"heading.default\">\n\t\t\t\t<div class=\"elementor-widget-container\">\n\t\t\t<h1 class=\"elementor-heading-title elementor-size-default\">\u00daltimas noticias.<\/h1>\t\t<\/div>\n\t\t\t\t<\/div>\n\t\t\t\t<\/div>\n\t\t\t\t\t<\/div>\n\t\t\t\t<\/div>\n\t\t\t\t<section class=\"elementor-section elementor-top-section elementor-element elementor-element-e485087 elementor-section-boxed elementor-section-height-default elementor-section-height-default\" data-id=\"e485087\" data-element_type=\"section\" data-settings=\"{&quot;background_background&quot;:&quot;classic&quot;}\">\n\t\t\t\t\t\t<div class=\"elementor-container elementor-column-gap-default\">\n\t\t\t\t\t<div class=\"elementor-column elementor-col-100 elementor-top-column elementor-element elementor-element-ea77e8d\" data-id=\"ea77e8d\" data-element_type=\"column\">\n\t\t\t<div class=\"elementor-widget-wrap elementor-element-populated\">\n\t\t\t\t\t\t<div class=\"elementor-element elementor-element-5ac8361 elementor-widget elementor-widget-text-editor\" data-id=\"5ac8361\" data-element_type=\"widget\" data-widget_type=\"text-editor.default\">\n\t\t\t\t<div class=\"elementor-widget-container\">\n\t\t\t\t\t\t\t<h4><span style=\"font-weight: 400;\">Mantente informado con las \u00faltimas noticias y actualizaciones sobre mi campa\u00f1a. Desde anuncios pol\u00edticos hasta eventos comunitarios, aqu\u00ed encontrar\u00e1s todo lo que necesitas para mantenerte conectado.<\/span><\/h4>\t\t\t\t\t\t<\/div>\n\t\t\t\t<\/div>\n\t\t\t\t<div class=\"elementor-element elementor-element-67cbdf0 elementor-grid-3 elementor-grid-tablet-2 elementor-grid-mobile-1 elementor-posts--thumbnail-top elementor-card-shadow-yes elementor-posts__hover-gradient load-more-align-center elementor-widget elementor-widget-posts\" data-id=\"67cbdf0\" data-element_type=\"widget\" data-settings=\"{&quot;pagination_type&quot;:&quot;load_more_on_click&quot;,&quot;cards_columns&quot;:&quot;3&quot;,&quot;cards_columns_tablet&quot;:&quot;2&quot;,&quot;cards_columns_mobile&quot;:&quot;1&quot;,&quot;cards_row_gap&quot;:{&quot;unit&quot;:&quot;px&quot;,&quot;size&quot;:35,&quot;sizes&quot;:[]},&quot;cards_row_gap_tablet&quot;:{&quot;unit&quot;:&quot;px&quot;,&quot;size&quot;:&quot;&quot;,&quot;sizes&quot;:[]},&quot;cards_row_gap_mobile&quot;:{&quot;unit&quot;:&quot;px&quot;,&quot;size&quot;:&quot;&quot;,&quot;sizes&quot;:[]},&quot;load_more_spinner&quot;:{&quot;value&quot;:&quot;fas fa-spinner&quot;,&quot;library&quot;:&quot;fa-solid&quot;}}\" data-widget_type=\"posts.cards\">\n\t\t\t\t<div class=\"elementor-widget-container\">\n\t\t\t\t\t<div class=\"elementor-posts-container elementor-posts elementor-posts--skin-cards elementor-grid\">\n\t\t\t\t<article class=\"elementor-post elementor-grid-item post-8376 post type-post status-publish format-standard has-post-thumbnail hentry category-uncategorized\">\n\t\t\t<div class=\"elementor-post__card\">\n\t\t\t\t<a class=\"elementor-post__thumbnail__link\" href=\"https:\/\/lizbecerra4council.com\/es\/liz-becerra-pushes-back-on-proposed-state-legislation\/\" tabindex=\"-1\" ><div class=\"elementor-post__thumbnail\"><img fetchpriority=\"high\" decoding=\"async\" width=\"750\" height=\"510\" src=\"https:\/\/lizbecerra4council.com\/wp-content\/uploads\/2024\/09\/pexels-josh-hild-1270765-11838859-750x510.jpg\" class=\"attachment-medium size-medium wp-image-8377\" alt=\"\" \/><\/div><\/a>\n\t\t\t\t<div class=\"elementor-post__text\">\n\t\t\t\t<h3 class=\"elementor-post__title\">\n\t\t\t<a href=\"https:\/\/lizbecerra4council.com\/es\/liz-becerra-pushes-back-on-proposed-state-legislation\/\" >\n\t\t\t\tLiz Becerra rechaza la legislaci\u00f3n estatal propuesta\t\t\t<\/a>\n\t\t<\/h3>\n\t\t\t\t<div class=\"elementor-post__excerpt\">\n\t\t\t<p>Defendiendo la econom\u00eda local de Victorville y la prosperidad a largo plazo La alcaldesa de Victorville, Liz Becerra, junto con otros alcaldes y l\u00edderes empresariales de California, insta al gobernador Newsom a vetar el proyecto de ley 98 de la Asamblea.<\/p>\n\t\t<\/div>\n\t\t\t\t\t<div class=\"elementor-post__read-more-wrapper\">\n\t\t\n\t\t<a class=\"elementor-post__read-more\" href=\"https:\/\/lizbecerra4council.com\/es\/liz-becerra-pushes-back-on-proposed-state-legislation\/\" aria-label=\"Leer m\u00e1s sobre Liz Becerra rechaza la legislaci\u00f3n estatal propuesta\" tabindex=\"-1\" >\n\t\t\tLeer M\u00e1s \"\t\t<\/a>\n\n\t\t\t\t\t<\/div>\n\t\t\t\t<\/div>\n\t\t\t\t\t<\/div>\n\t\t<\/article>\n\t\t\t\t<article class=\"elementor-post elementor-grid-item post-257 post type-post status-publish format-gallery has-post-thumbnail hentry category-fashion category-movies post_format-post-format-gallery\">\n\t\t\t<div class=\"elementor-post__card\">\n\t\t\t\t<a class=\"elementor-post__thumbnail__link\" href=\"https:\/\/lizbecerra4council.com\/es\/a-brighter-future-for-our-youth\/\" tabindex=\"-1\" ><div class=\"elementor-post__thumbnail\"><img decoding=\"async\" width=\"750\" height=\"510\" src=\"https:\/\/lizbecerra4council.com\/wp-content\/uploads\/2024\/01\/youth-750x510.webp\" class=\"attachment-medium size-medium wp-image-8352\" alt=\"\" \/><\/div><\/a>\n\t\t\t\t<div class=\"elementor-post__text\">\n\t\t\t\t<h3 class=\"elementor-post__title\">\n\t\t\t<a href=\"https:\/\/lizbecerra4council.com\/es\/a-brighter-future-for-our-youth\/\" >\n\t\t\t\tUn futuro mejor para nuestros j\u00f3venes\t\t\t<\/a>\n\t\t<\/h3>\n\t\t\t\t<div class=\"elementor-post__excerpt\">\n\t\t\t<p>Nuestros j\u00f3venes son el futuro de nuestra ciudad, y es nuestra responsabilidad ofrecerles las oportunidades que necesitan para triunfar.<\/p>\n\t\t<\/div>\n\t\t\t\t\t<div class=\"elementor-post__read-more-wrapper\">\n\t\t\n\t\t<a class=\"elementor-post__read-more\" href=\"https:\/\/lizbecerra4council.com\/es\/a-brighter-future-for-our-youth\/\" aria-label=\"Leer m\u00e1s sobre Un futuro mejor para nuestros j\u00f3venes\" tabindex=\"-1\" >\n\t\t\tLeer M\u00e1s \"\t\t<\/a>\n\n\t\t\t\t\t<\/div>\n\t\t\t\t<\/div>\n\t\t\t\t\t<\/div>\n\t\t<\/article>\n\t\t\t\t<article class=\"elementor-post elementor-grid-item post-254 post type-post status-publish format-video has-post-thumbnail hentry category-lifestyle category-music post_format-post-format-video\">\n\t\t\t<div class=\"elementor-post__card\">\n\t\t\t\t<a class=\"elementor-post__thumbnail__link\" href=\"https:\/\/lizbecerra4council.com\/es\/celebrating-community-engagement\/\" tabindex=\"-1\" ><div class=\"elementor-post__thumbnail\"><img decoding=\"async\" width=\"750\" height=\"510\" src=\"https:\/\/lizbecerra4council.com\/wp-content\/uploads\/2024\/01\/community-750x510.webp\" class=\"attachment-medium size-medium wp-image-8355\" alt=\"\" \/><\/div><\/a>\n\t\t\t\t<div class=\"elementor-post__text\">\n\t\t\t\t<h3 class=\"elementor-post__title\">\n\t\t\t<a href=\"https:\/\/lizbecerra4council.com\/es\/celebrating-community-engagement\/\" >\n\t\t\t\tCelebraci\u00f3n de la participaci\u00f3n comunitaria\t\t\t<\/a>\n\t\t<\/h3>\n\t\t\t\t<div class=\"elementor-post__excerpt\">\n\t\t\t<p>El compromiso con la comunidad es el coraz\u00f3n de Victorville: es lo que hace que nuestra ciudad sea fuerte, resistente y est\u00e9 llena de vida.<\/p>\n\t\t<\/div>\n\t\t\t\t\t<div class=\"elementor-post__read-more-wrapper\">\n\t\t\n\t\t<a class=\"elementor-post__read-more\" href=\"https:\/\/lizbecerra4council.com\/es\/celebrating-community-engagement\/\" aria-label=\"Leer m\u00e1s sobre Celebraci\u00f3n de la participaci\u00f3n comunitaria\" tabindex=\"-1\" >\n\t\t\tLeer M\u00e1s \"\t\t<\/a>\n\n\t\t\t\t\t<\/div>\n\t\t\t\t<\/div>\n\t\t\t\t\t<\/div>\n\t\t<\/article>\n\t\t\t\t<article class=\"elementor-post elementor-grid-item post-252 post type-post status-publish format-standard has-post-thumbnail hentry category-lifestyle\">\n\t\t\t<div class=\"elementor-post__card\">\n\t\t\t\t<a class=\"elementor-post__thumbnail__link\" href=\"https:\/\/lizbecerra4council.com\/es\/putting-community-first\/\" tabindex=\"-1\" ><div class=\"elementor-post__thumbnail\"><img loading=\"lazy\" decoding=\"async\" width=\"750\" height=\"510\" src=\"https:\/\/lizbecerra4council.com\/wp-content\/uploads\/2024\/01\/VV-750x510.webp\" class=\"attachment-medium size-medium wp-image-8357\" alt=\"\" srcset=\"https:\/\/lizbecerra4council.com\/wp-content\/uploads\/2024\/01\/VV-750x510.webp 750w, https:\/\/lizbecerra4council.com\/wp-content\/uploads\/2024\/01\/VV-18x12.webp 18w\" sizes=\"(max-width: 750px) 100vw, 750px\" \/><\/div><\/a>\n\t\t\t\t<div class=\"elementor-post__text\">\n\t\t\t\t<h3 class=\"elementor-post__title\">\n\t\t\t<a href=\"https:\/\/lizbecerra4council.com\/es\/putting-community-first\/\" >\n\t\t\t\tLa comunidad es lo primero\t\t\t<\/a>\n\t\t<\/h3>\n\t\t\t\t<div class=\"elementor-post__excerpt\">\n\t\t\t<p>Victorville es para m\u00ed algo m\u00e1s que una ciudad: es mi hogar, mi pasi\u00f3n y mi prop\u00f3sito.<\/p>\n\t\t<\/div>\n\t\t\t\t\t<div class=\"elementor-post__read-more-wrapper\">\n\t\t\n\t\t<a class=\"elementor-post__read-more\" href=\"https:\/\/lizbecerra4council.com\/es\/putting-community-first\/\" aria-label=\"M\u00e1s informaci\u00f3n sobre La comunidad es lo primero\" tabindex=\"-1\" >\n\t\t\tLeer M\u00e1s \"\t\t<\/a>\n\n\t\t\t\t\t<\/div>\n\t\t\t\t<\/div>\n\t\t\t\t\t<\/div>\n\t\t<\/article>\n\t\t\t\t<\/div>\n\t\t\t\t\t<span class=\"e-load-more-spinner\">\n\t\t\t\t<svg aria-hidden=\"true\" class=\"e-font-icon-svg e-fas-spinner\" viewbox=\"0 0 512 512\" xmlns=\"http:\/\/www.w3.org\/2000\/svg\"><path d=\"M304 48c0 26.51-21.49 48-48 48s-48-21.49-48-48 21.49-48 48-48 48 21.49 48 48zm-48 368c-26.51 0-48 21.49-48 48s21.49 48 48 48 48-21.49 48-48-21.49-48-48-48zm208-208c-26.51 0-48 21.49-48 48s21.49 48 48 48 48-21.49 48-48-21.49-48-48-48zM96 256c0-26.51-21.49-48-48-48S0 229.49 0 256s21.49 48 48 48 48-21.49 48-48zm12.922 99.078c-26.51 0-48 21.49-48 48s21.49 48 48 48 48-21.49 48-48c0-26.509-21.491-48-48-48zm294.156 0c-26.51 0-48 21.49-48 48s21.49 48 48 48 48-21.49 48-48c0-26.509-21.49-48-48-48zM108.922 60.922c-26.51 0-48 21.49-48 48s21.49 48 48 48 48-21.49 48-48-21.491-48-48-48z\"><\/path><\/svg>\t\t\t<\/span>\n\t\t\n\t\t\t\t<\/div>\n\t\t\t\t<\/div>\n\t\t\t\t\t<\/div>\n\t\t<\/div>\n\t\t\t\t\t<\/div>\n\t\t<\/section>\n\t\t\t\t<\/div>","protected":false},"excerpt":{"rendered":"<p>Mantente al d\u00eda de las \u00faltimas noticias y novedades de la campa\u00f1a de Eric Negrete. Obtenga las actualizaciones m\u00e1s recientes, anuncios e informaci\u00f3n sobre eventos aqu\u00ed.<\/p>","protected":false},"author":1,"featured_media":7731,"parent":0,"menu_order":0,"comment_status":"closed","ping_status":"closed","template":"","meta":{"footnotes":""},"categories":[],"tags":[],"class_list":["post-506","page","type-page","status-publish","has-post-thumbnail","hentry"],"yoast_head":"<!-- This site is optimized with the Yoast SEO plugin v23.7 - https:\/\/yoast.com\/wordpress\/plugins\/seo\/ -->\n<title>News - Elizabeth &quot;Liz&quot; Becerra<\/title>\n<meta name=\"robots\" content=\"index, follow, max-snippet:-1, max-image-preview:large, max-video-preview:-1\" \/>\n<link rel=\"canonical\" href=\"https:\/\/lizbecerra4council.com\/es\/news\/\" \/>\n<meta property=\"og:locale\" content=\"es_MX\" \/>\n<meta property=\"og:type\" content=\"article\" \/>\n<meta property=\"og:title\" content=\"News - Elizabeth &quot;Liz&quot; Becerra\" \/>\n<meta property=\"og:description\" content=\"Stay updated with the latest news and developments from Eric Negrete\u2019s campaign. Get the most recent updates, announcements, and event information here.\" \/>\n<meta property=\"og:url\" content=\"https:\/\/lizbecerra4council.com\/es\/news\/\" \/>\n<meta property=\"og:site_name\" content=\"Elizabeth &quot;Liz&quot; Becerra\" \/>\n<meta property=\"article:modified_time\" content=\"2024-08-15T03:41:37+00:00\" \/>\n<meta property=\"og:image\" content=\"https:\/\/lizbecerra4council.com\/wp-content\/uploads\/2024\/08\/news.webp\" \/>\n\t<meta property=\"og:image:width\" content=\"1080\" \/>\n\t<meta property=\"og:image:height\" content=\"720\" \/>\n\t<meta property=\"og:image:type\" content=\"image\/webp\" \/>\n<meta name=\"twitter:card\" content=\"summary_large_image\" \/>\n<meta name=\"twitter:label1\" content=\"Tiempo de lectura\" \/>\n\t<meta name=\"twitter:data1\" content=\"3 minutos\" \/>\n<script type=\"application\/ld+json\" class=\"yoast-schema-graph\">{\"@context\":\"https:\/\/schema.org\",\"@graph\":[{\"@type\":\"WebPage\",\"@id\":\"https:\/\/lizbecerra4council.com\/news\/\",\"url\":\"https:\/\/lizbecerra4council.com\/news\/\",\"name\":\"News - Elizabeth &quot;Liz&quot; Becerra\",\"isPartOf\":{\"@id\":\"https:\/\/lizbecerra4council.com\/#website\"},\"primaryImageOfPage\":{\"@id\":\"https:\/\/lizbecerra4council.com\/news\/#primaryimage\"},\"image\":{\"@id\":\"https:\/\/lizbecerra4council.com\/news\/#primaryimage\"},\"thumbnailUrl\":\"https:\/\/lizbecerra4council.com\/wp-content\/uploads\/2024\/08\/news.webp\",\"datePublished\":\"2024-03-04T10:30:30+00:00\",\"dateModified\":\"2024-08-15T03:41:37+00:00\",\"breadcrumb\":{\"@id\":\"https:\/\/lizbecerra4council.com\/news\/#breadcrumb\"},\"inLanguage\":\"es\",\"potentialAction\":[{\"@type\":\"ReadAction\",\"target\":[\"https:\/\/lizbecerra4council.com\/news\/\"]}]},{\"@type\":\"ImageObject\",\"inLanguage\":\"es\",\"@id\":\"https:\/\/lizbecerra4council.com\/news\/#primaryimage\",\"url\":\"https:\/\/lizbecerra4council.com\/wp-content\/uploads\/2024\/08\/news.webp\",\"contentUrl\":\"https:\/\/lizbecerra4council.com\/wp-content\/uploads\/2024\/08\/news.webp\",\"width\":1080,\"height\":720},{\"@type\":\"BreadcrumbList\",\"@id\":\"https:\/\/lizbecerra4council.com\/news\/#breadcrumb\",\"itemListElement\":[{\"@type\":\"ListItem\",\"position\":1,\"name\":\"Home\",\"item\":\"https:\/\/lizbecerra4council.com\/\"},{\"@type\":\"ListItem\",\"position\":2,\"name\":\"News\"}]},{\"@type\":\"WebSite\",\"@id\":\"https:\/\/lizbecerra4council.com\/#website\",\"url\":\"https:\/\/lizbecerra4council.com\/\",\"name\":\"Elizabeth &quot;Liz&quot; Becerra\",\"description\":\"District 3 | Victorville City Council\",\"publisher\":{\"@id\":\"https:\/\/lizbecerra4council.com\/#organization\"},\"potentialAction\":[{\"@type\":\"SearchAction\",\"target\":{\"@type\":\"EntryPoint\",\"urlTemplate\":\"https:\/\/lizbecerra4council.com\/?s={search_term_string}\"},\"query-input\":{\"@type\":\"PropertyValueSpecification\",\"valueRequired\":true,\"valueName\":\"search_term_string\"}}],\"inLanguage\":\"es\"},{\"@type\":\"Organization\",\"@id\":\"https:\/\/lizbecerra4council.com\/#organization\",\"name\":\"Elizabeth &quot;Liz&quot; Becerra\",\"url\":\"https:\/\/lizbecerra4council.com\/\",\"logo\":{\"@type\":\"ImageObject\",\"inLanguage\":\"es\",\"@id\":\"https:\/\/lizbecerra4council.com\/#\/schema\/logo\/image\/\",\"url\":\"https:\/\/lizbecerra4council.com\/wp-content\/uploads\/2024\/03\/Hor-Full.webp\",\"contentUrl\":\"https:\/\/lizbecerra4council.com\/wp-content\/uploads\/2024\/03\/Hor-Full.webp\",\"width\":1000,\"height\":500,\"caption\":\"Elizabeth &quot;Liz&quot; Becerra\"},\"image\":{\"@id\":\"https:\/\/lizbecerra4council.com\/#\/schema\/logo\/image\/\"}}]}<\/script>\n<!-- \/ Yoast SEO plugin. -->","yoast_head_json":{"title":"News - Elizabeth &quot;Liz&quot; Becerra","robots":{"index":"index","follow":"follow","max-snippet":"max-snippet:-1","max-image-preview":"max-image-preview:large","max-video-preview":"max-video-preview:-1"},"canonical":"https:\/\/lizbecerra4council.com\/es\/news\/","og_locale":"es_MX","og_type":"article","og_title":"News - Elizabeth &quot;Liz&quot; Becerra","og_description":"Stay updated with the latest news and developments from Eric Negrete\u2019s campaign. Get the most recent updates, announcements, and event information here.","og_url":"https:\/\/lizbecerra4council.com\/es\/news\/","og_site_name":"Elizabeth &quot;Liz&quot; Becerra","article_modified_time":"2024-08-15T03:41:37+00:00","og_image":[{"width":1080,"height":720,"url":"https:\/\/lizbecerra4council.com\/wp-content\/uploads\/2024\/08\/news.webp","type":"image\/webp"}],"twitter_card":"summary_large_image","twitter_misc":{"Tiempo de lectura":"3 minutos"},"schema":{"@context":"https:\/\/schema.org","@graph":[{"@type":"WebPage","@id":"https:\/\/lizbecerra4council.com\/news\/","url":"https:\/\/lizbecerra4council.com\/news\/","name":"News - Elizabeth &quot;Liz&quot; Becerra","isPartOf":{"@id":"https:\/\/lizbecerra4council.com\/#website"},"primaryImageOfPage":{"@id":"https:\/\/lizbecerra4council.com\/news\/#primaryimage"},"image":{"@id":"https:\/\/lizbecerra4council.com\/news\/#primaryimage"},"thumbnailUrl":"https:\/\/lizbecerra4council.com\/wp-content\/uploads\/2024\/08\/news.webp","datePublished":"2024-03-04T10:30:30+00:00","dateModified":"2024-08-15T03:41:37+00:00","breadcrumb":{"@id":"https:\/\/lizbecerra4council.com\/news\/#breadcrumb"},"inLanguage":"es","potentialAction":[{"@type":"ReadAction","target":["https:\/\/lizbecerra4council.com\/news\/"]}]},{"@type":"ImageObject","inLanguage":"es","@id":"https:\/\/lizbecerra4council.com\/news\/#primaryimage","url":"https:\/\/lizbecerra4council.com\/wp-content\/uploads\/2024\/08\/news.webp","contentUrl":"https:\/\/lizbecerra4council.com\/wp-content\/uploads\/2024\/08\/news.webp","width":1080,"height":720},{"@type":"BreadcrumbList","@id":"https:\/\/lizbecerra4council.com\/news\/#breadcrumb","itemListElement":[{"@type":"ListItem","position":1,"name":"Home","item":"https:\/\/lizbecerra4council.com\/"},{"@type":"ListItem","position":2,"name":"News"}]},{"@type":"WebSite","@id":"https:\/\/lizbecerra4council.com\/#website","url":"https:\/\/lizbecerra4council.com\/","name":"Elizabeth &quot;Liz&quot; Becerra","description":"District 3 | Victorville City Council","publisher":{"@id":"https:\/\/lizbecerra4council.com\/#organization"},"potentialAction":[{"@type":"SearchAction","target":{"@type":"EntryPoint","urlTemplate":"https:\/\/lizbecerra4council.com\/?s={search_term_string}"},"query-input":{"@type":"PropertyValueSpecification","valueRequired":true,"valueName":"search_term_string"}}],"inLanguage":"es"},{"@type":"Organization","@id":"https:\/\/lizbecerra4council.com\/#organization","name":"Elizabeth &quot;Liz&quot; Becerra","url":"https:\/\/lizbecerra4council.com\/","logo":{"@type":"ImageObject","inLanguage":"es","@id":"https:\/\/lizbecerra4council.com\/#\/schema\/logo\/image\/","url":"https:\/\/lizbecerra4council.com\/wp-content\/uploads\/2024\/03\/Hor-Full.webp","contentUrl":"https:\/\/lizbecerra4council.com\/wp-content\/uploads\/2024\/03\/Hor-Full.webp","width":1000,"height":500,"caption":"Elizabeth &quot;Liz&quot; Becerra"},"image":{"@id":"https:\/\/lizbecerra4council.com\/#\/schema\/logo\/image\/"}}]}},"_links":{"self":[{"href":"https:\/\/lizbecerra4council.com\/es\/wp-json\/wp\/v2\/pages\/506","targetHints":{"allow":["GET"]}}],"collection":[{"href":"https:\/\/lizbecerra4council.com\/es\/wp-json\/wp\/v2\/pages"}],"about":[{"href":"https:\/\/lizbecerra4council.com\/es\/wp-json\/wp\/v2\/types\/page"}],"author":[{"embeddable":true,"href":"https:\/\/lizbecerra4council.com\/es\/wp-json\/wp\/v2\/users\/1"}],"replies":[{"embeddable":true,"href":"https:\/\/lizbecerra4council.com\/es\/wp-json\/wp\/v2\/comments?post=506"}],"version-history":[{"count":17,"href":"https:\/\/lizbecerra4council.com\/es\/wp-json\/wp\/v2\/pages\/506\/revisions"}],"predecessor-version":[{"id":7962,"href":"https:\/\/lizbecerra4council.com\/es\/wp-json\/wp\/v2\/pages\/506\/revisions\/7962"}],"wp:featuredmedia":[{"embeddable":true,"href":"https:\/\/lizbecerra4council.com\/es\/wp-json\/wp\/v2\/media\/7731"}],"wp:attachment":[{"href":"https:\/\/lizbecerra4council.com\/es\/wp-json\/wp\/v2\/media?parent=506"}],"wp:term":[{"taxonomy":"category","embeddable":true,"href":"https:\/\/lizbecerra4council.com\/es\/wp-json\/wp\/v2\/categories?post=506"},{"taxonomy":"post_tag","embeddable":true,"href":"https:\/\/lizbecerra4council.com\/es\/wp-json\/wp\/v2\/tags?post=506"}],"curies":[{"name":"wp","href":"https:\/\/api.w.org\/{rel}","templated":true}]}}